{"id":901,"date":"2024-06-14T19:13:34","date_gmt":"2024-06-14T19:13:34","guid":{"rendered":"https:\/\/targetoil.com.mx\/?page_id=901"},"modified":"2024-08-04T16:51:30","modified_gmt":"2024-08-04T16:51:30","slug":"sistema-de-auditorias-externas","status":"publish","type":"page","link":"https:\/\/targetoil.com.mx\/en\/sistema-de-auditorias-externas\/","title":{"rendered":"Sistema de Auditor\u00edas Externas"},"content":{"rendered":"<div data-elementor-type=\"wp-page\" data-elementor-id=\"901\" class=\"elementor elementor-901\">\n\t\t\t\t<div class=\"elementor-element elementor-element-2933abc e-flex e-con-boxed e-con e-parent\" data-id=\"2933abc\" data-element_type=\"container\" data-e-type=\"container\" data-settings=\"{&quot;background_background&quot;:&quot;classic&quot;}\">\n\t\t\t\t\t<div class=\"e-con-inner\">\n\t\t<div class=\"elementor-element elementor-element-f8559c2 e-flex e-con-boxed e-con e-child\" data-id=\"f8559c2\" data-element_type=\"container\" data-e-type=\"container\">\n\t\t\t\t\t<div class=\"e-con-inner\">\n\t\t\t\t<div class=\"elementor-element elementor-element-977c6a8 elementor-widget elementor-widget-heading\" data-id=\"977c6a8\" data-element_type=\"widget\" data-e-type=\"widget\" data-widget_type=\"heading.default\">\n\t\t\t\t<div class=\"elementor-widget-container\">\n\t\t\t\t\t<h1 class=\"elementor-heading-title elementor-size-default\">Sistema de Auditor\u00edas Externas<\/h1>\t\t\t\t<\/div>\n\t\t\t\t<\/div>\n\t\t\t\t\t<\/div>\n\t\t\t\t<\/div>\n\t\t\t\t\t<\/div>\n\t\t\t\t<\/div>\n\t\t<div class=\"elementor-element elementor-element-f3a9a60 e-flex e-con-boxed e-con e-parent\" data-id=\"f3a9a60\" data-element_type=\"container\" data-e-type=\"container\">\n\t\t\t\t\t<div class=\"e-con-inner\">\n\t\t<div class=\"elementor-element elementor-element-4c176af e-con-full e-flex e-con e-child\" data-id=\"4c176af\" data-element_type=\"container\" data-e-type=\"container\">\n\t\t<div class=\"elementor-element elementor-element-b9bfc40 e-con-full e-flex e-con e-child\" data-id=\"b9bfc40\" data-element_type=\"container\" data-e-type=\"container\" data-settings=\"{&quot;background_background&quot;:&quot;classic&quot;}\">\n\t\t\t\t<div class=\"elementor-element elementor-element-abbea0b elementor-widget elementor-widget-heading\" data-id=\"abbea0b\" data-element_type=\"widget\" data-e-type=\"widget\" data-widget_type=\"heading.default\">\n\t\t\t\t<div class=\"elementor-widget-container\">\n\t\t\t\t\t<h4 class=\"elementor-heading-title elementor-size-default\">Estudios Especializados<\/h4>\t\t\t\t<\/div>\n\t\t\t\t<\/div>\n\t\t\t\t<div class=\"elementor-element elementor-element-58a6fc9 elementor-align-start elementor-list-item-link-full_width elementor-widget elementor-widget-icon-list\" data-id=\"58a6fc9\" data-element_type=\"widget\" data-e-type=\"widget\" data-widget_type=\"icon-list.default\">\n\t\t\t\t<div class=\"elementor-widget-container\">\n\t\t\t\t\t\t\t<ul class=\"elementor-icon-list-items\">\n\t\t\t\t\t\t\t<li class=\"elementor-icon-list-item\">\n\t\t\t\t\t\t\t\t\t\t\t<a href=\"https:\/\/targetoil.com.mx\/en\/investigacion-causa-raiz\/\">\n\n\t\t\t\t\t\t\t\t\t\t\t\t<span class=\"elementor-icon-list-icon\">\n\t\t\t\t\t\t\t<i aria-hidden=\"true\" class=\"arrow_right\"><\/i>\t\t\t\t\t\t<\/span>\n\t\t\t\t\t\t\t\t\t\t<span class=\"elementor-icon-list-text\">Investigaci\u00f3n Causa Ra\u00edz (ICR)<\/span>\n\t\t\t\t\t\t\t\t\t\t\t<\/a>\n\t\t\t\t\t\t\t\t\t<\/li>\n\t\t\t\t\t\t\t\t<li class=\"elementor-icon-list-item\">\n\t\t\t\t\t\t\t\t\t\t\t<a href=\"https:\/\/targetoil.com.mx\/en\/analisis-de-riesgo-de-proceso\/\">\n\n\t\t\t\t\t\t\t\t\t\t\t\t<span class=\"elementor-icon-list-icon\">\n\t\t\t\t\t\t\t<i aria-hidden=\"true\" class=\"arrow_right\"><\/i>\t\t\t\t\t\t<\/span>\n\t\t\t\t\t\t\t\t\t\t<span class=\"elementor-icon-list-text\">An\u00e1lisis de Riesgo de Proceso<\/span>\n\t\t\t\t\t\t\t\t\t\t\t<\/a>\n\t\t\t\t\t\t\t\t\t<\/li>\n\t\t\t\t\t\t\t\t<li class=\"elementor-icon-list-item\">\n\t\t\t\t\t\t\t\t\t\t\t<a href=\"https:\/\/targetoil.com.mx\/en\/sistema-de-auditorias-externas\/\">\n\n\t\t\t\t\t\t\t\t\t\t\t\t<span class=\"elementor-icon-list-icon\">\n\t\t\t\t\t\t\t<i aria-hidden=\"true\" class=\"arrow_right\"><\/i>\t\t\t\t\t\t<\/span>\n\t\t\t\t\t\t\t\t\t\t<span class=\"elementor-icon-list-text\">Sistema de Auditor\u00edas Externas<\/span>\n\t\t\t\t\t\t\t\t\t\t\t<\/a>\n\t\t\t\t\t\t\t\t\t<\/li>\n\t\t\t\t\t\t\t\t<li class=\"elementor-icon-list-item\">\n\t\t\t\t\t\t\t\t\t\t\t<a href=\"https:\/\/targetoil.com.mx\/en\/dictamenes-y-evaluaciones-tecnicas\/\">\n\n\t\t\t\t\t\t\t\t\t\t\t\t<span class=\"elementor-icon-list-icon\">\n\t\t\t\t\t\t\t<i aria-hidden=\"true\" class=\"arrow_right\"><\/i>\t\t\t\t\t\t<\/span>\n\t\t\t\t\t\t\t\t\t\t<span class=\"elementor-icon-list-text\">Dict\u00e1menes y Evaluaciones T\u00e9cnicas<\/span>\n\t\t\t\t\t\t\t\t\t\t\t<\/a>\n\t\t\t\t\t\t\t\t\t<\/li>\n\t\t\t\t\t\t\t\t<li class=\"elementor-icon-list-item\">\n\t\t\t\t\t\t\t\t\t\t\t<a href=\"https:\/\/targetoil.com.mx\/en\/geofisica\/\">\n\n\t\t\t\t\t\t\t\t\t\t\t\t<span class=\"elementor-icon-list-icon\">\n\t\t\t\t\t\t\t<i aria-hidden=\"true\" class=\"arrow_right\"><\/i>\t\t\t\t\t\t<\/span>\n\t\t\t\t\t\t\t\t\t\t<span class=\"elementor-icon-list-text\">Geof\u00edsica<\/span>\n\t\t\t\t\t\t\t\t\t\t\t<\/a>\n\t\t\t\t\t\t\t\t\t<\/li>\n\t\t\t\t\t\t\t\t<li class=\"elementor-icon-list-item\">\n\t\t\t\t\t\t\t\t\t\t\t<a href=\"https:\/\/targetoil.com.mx\/en\/geomecanica\/\">\n\n\t\t\t\t\t\t\t\t\t\t\t\t<span class=\"elementor-icon-list-icon\">\n\t\t\t\t\t\t\t<i aria-hidden=\"true\" class=\"arrow_right\"><\/i>\t\t\t\t\t\t<\/span>\n\t\t\t\t\t\t\t\t\t\t<span class=\"elementor-icon-list-text\">Geomec\u00e1nica<\/span>\n\t\t\t\t\t\t\t\t\t\t\t<\/a>\n\t\t\t\t\t\t\t\t\t<\/li>\n\t\t\t\t\t\t\t\t<li class=\"elementor-icon-list-item\">\n\t\t\t\t\t\t\t\t\t\t\t<a href=\"https:\/\/targetoil.com.mx\/en\/ingenieria-de-yacimientos\/\">\n\n\t\t\t\t\t\t\t\t\t\t\t\t<span class=\"elementor-icon-list-icon\">\n\t\t\t\t\t\t\t<i aria-hidden=\"true\" class=\"arrow_right\"><\/i>\t\t\t\t\t\t<\/span>\n\t\t\t\t\t\t\t\t\t\t<span class=\"elementor-icon-list-text\">Ingenier\u00eda de Yacimientos<\/span>\n\t\t\t\t\t\t\t\t\t\t\t<\/a>\n\t\t\t\t\t\t\t\t\t<\/li>\n\t\t\t\t\t\t<\/ul>\n\t\t\t\t\t\t<\/div>\n\t\t\t\t<\/div>\n\t\t\t\t<\/div>\n\t\t<div class=\"elementor-element elementor-element-529af34 e-con-full e-flex e-con e-child\" data-id=\"529af34\" data-element_type=\"container\" data-e-type=\"container\">\n\t\t\t\t<div class=\"elementor-element elementor-element-32e1e47 elementor-widget elementor-widget-call-to-action\" data-id=\"32e1e47\" data-element_type=\"widget\" data-e-type=\"widget\" data-widget_type=\"call-to-action.default\">\n\t\t\t\t<div class=\"elementor-widget-container\">\n\t\t\t\t\t \t\t\t\t<\/div>\n\t\t\t\t<\/div>\n\t\t\t\t<\/div>\n\t\t<div class=\"elementor-element elementor-element-fa9ca33 e-con-full e-flex e-con e-child\" data-id=\"fa9ca33\" data-element_type=\"container\" data-e-type=\"container\">\n\t\t<div class=\"elementor-element elementor-element-9ccf0ca e-flex e-con-boxed e-con e-child\" data-id=\"9ccf0ca\" data-element_type=\"container\" data-e-type=\"container\">\n\t\t\t\t\t<div class=\"e-con-inner\">\n\t\t\t\t<div class=\"elementor-element elementor-element-428b724 elementor-widget elementor-widget-heading\" data-id=\"428b724\" data-element_type=\"widget\" data-e-type=\"widget\" data-widget_type=\"heading.default\">\n\t\t\t\t<div class=\"elementor-widget-container\">\n\t\t\t\t\t<h4 class=\"elementor-heading-title elementor-size-default\">Redes Sociales<\/h4>\t\t\t\t<\/div>\n\t\t\t\t<\/div>\n\t\t\t\t<div class=\"elementor-element elementor-element-c7768a3 elementor-shape-rounded elementor-grid-0 e-grid-align-center elementor-widget elementor-widget-social-icons\" data-id=\"c7768a3\" data-element_type=\"widget\" data-e-type=\"widget\" data-widget_type=\"social-icons.default\">\n\t\t\t\t<div class=\"elementor-widget-container\">\n\t\t\t\t\t\t\t<div class=\"elementor-social-icons-wrapper elementor-grid\" role=\"list\">\n\t\t\t\t\t\t\t<span class=\"elementor-grid-item\" role=\"listitem\">\n\t\t\t\t\t<a class=\"elementor-icon elementor-social-icon elementor-social-icon-linkedin-in elementor-animation-shrink elementor-repeater-item-d96618d\" href=\"https:\/\/www.linkedin.com\/company\/target-oil\/\" target=\"_blank\">\n\t\t\t\t\t\t<span class=\"elementor-screen-only\">Linkedin-in<\/span>\n\t\t\t\t\t\t<svg aria-hidden=\"true\" class=\"e-font-icon-svg e-fab-linkedin-in\" viewbox=\"0 0 448 512\" xmlns=\"http:\/\/www.w3.org\/2000\/svg\"><path d=\"M100.28 448H7.4V148.9h92.88zM53.79 108.1C24.09 108.1 0 83.5 0 53.8a53.79 53.79 0 0 1 107.58 0c0 29.7-24.1 54.3-53.79 54.3zM447.9 448h-92.68V302.4c0-34.7-.7-79.2-48.29-79.2-48.29 0-55.69 37.7-55.69 76.7V448h-92.78V148.9h89.08v40.8h1.3c12.4-23.5 42.69-48.3 87.88-48.3 94 0 111.28 61.9 111.28 142.3V448z\"><\/path><\/svg>\t\t\t\t\t<\/a>\n\t\t\t\t<\/span>\n\t\t\t\t\t\t\t<span class=\"elementor-grid-item\" role=\"listitem\">\n\t\t\t\t\t<a class=\"elementor-icon elementor-social-icon elementor-social-icon-whatsapp elementor-animation-shrink elementor-repeater-item-5f46c97\" href=\"https:\/\/chatwith.io\/s\/529931773718\" target=\"_blank\">\n\t\t\t\t\t\t<span class=\"elementor-screen-only\">Whatsapp<\/span>\n\t\t\t\t\t\t<svg aria-hidden=\"true\" class=\"e-font-icon-svg e-fab-whatsapp\" viewbox=\"0 0 448 512\" xmlns=\"http:\/\/www.w3.org\/2000\/svg\"><path d=\"M380.9 97.1C339 55.1 283.2 32 223.9 32c-122.4 0-222 99.6-222 222 0 39.1 10.2 77.3 29.6 111L0 480l117.7-30.9c32.4 17.7 68.9 27 106.1 27h.1c122.3 0 224.1-99.6 224.1-222 0-59.3-25.2-115-67.1-157zm-157 341.6c-33.2 0-65.7-8.9-94-25.7l-6.7-4-69.8 18.3L72 359.2l-4.4-7c-18.5-29.4-28.2-63.3-28.2-98.2 0-101.7 82.8-184.5 184.6-184.5 49.3 0 95.6 19.2 130.4 54.1 34.8 34.9 56.2 81.2 56.1 130.5 0 101.8-84.9 184.6-186.6 184.6zm101.2-138.2c-5.5-2.8-32.8-16.2-37.9-18-5.1-1.9-8.8-2.8-12.5 2.8-3.7 5.6-14.3 18-17.6 21.8-3.2 3.7-6.5 4.2-12 1.4-32.6-16.3-54-29.1-75.5-66-5.7-9.8 5.7-9.1 16.3-30.3 1.8-3.7.9-6.9-.5-9.7-1.4-2.8-12.5-30.1-17.1-41.2-4.5-10.8-9.1-9.3-12.5-9.5-3.2-.2-6.9-.2-10.6-.2-3.7 0-9.7 1.4-14.8 6.9-5.1 5.6-19.4 19-19.4 46.3 0 27.3 19.9 53.7 22.6 57.4 2.8 3.7 39.1 59.7 94.8 83.8 35.2 15.2 49 16.5 66.6 13.9 10.7-1.6 32.8-13.4 37.4-26.4 4.6-13 4.6-24.1 3.2-26.4-1.3-2.5-5-3.9-10.5-6.6z\"><\/path><\/svg>\t\t\t\t\t<\/a>\n\t\t\t\t<\/span>\n\t\t\t\t\t<\/div>\n\t\t\t\t\t\t<\/div>\n\t\t\t\t<\/div>\n\t\t\t\t\t<\/div>\n\t\t\t\t<\/div>\n\t\t\t\t<\/div>\n\t\t\t\t<\/div>\n\t\t<div class=\"elementor-element elementor-element-7bcd73f e-con-full e-flex e-con e-child\" data-id=\"7bcd73f\" data-element_type=\"container\" data-e-type=\"container\">\n\t\t\t\t<div class=\"elementor-element elementor-element-b53ff81 elementor-widget elementor-widget-image\" data-id=\"b53ff81\" data-element_type=\"widget\" data-e-type=\"widget\" data-widget_type=\"image.default\">\n\t\t\t\t<div class=\"elementor-widget-container\">\n\t\t\t\t\t\t\t\t\t\t\t\t\t\t\t<img fetchpriority=\"high\" decoding=\"async\" width=\"2000\" height=\"1310\" src=\"https:\/\/targetoil.com.mx\/wp-content\/uploads\/2024\/06\/oil-pump-on-sunset.jpg\" class=\"attachment-full size-full wp-image-747\" alt=\"oil pump on sunset\" srcset=\"https:\/\/targetoil.com.mx\/wp-content\/uploads\/2024\/06\/oil-pump-on-sunset.jpg 2000w, https:\/\/targetoil.com.mx\/wp-content\/uploads\/2024\/06\/oil-pump-on-sunset-300x197.jpg 300w, https:\/\/targetoil.com.mx\/wp-content\/uploads\/2024\/06\/oil-pump-on-sunset-1024x671.jpg 1024w, https:\/\/targetoil.com.mx\/wp-content\/uploads\/2024\/06\/oil-pump-on-sunset-768x503.jpg 768w, https:\/\/targetoil.com.mx\/wp-content\/uploads\/2024\/06\/oil-pump-on-sunset-1536x1006.jpg 1536w\" sizes=\"(max-width: 2000px) 100vw, 2000px\" \/>\t\t\t\t\t\t\t\t\t\t\t\t\t\t\t<\/div>\n\t\t\t\t<\/div>\n\t\t\t\t<div class=\"elementor-element elementor-element-13376bb elementor-widget elementor-widget-heading\" data-id=\"13376bb\" data-element_type=\"widget\" data-e-type=\"widget\" data-widget_type=\"heading.default\">\n\t\t\t\t<div class=\"elementor-widget-container\">\n\t\t\t\t\t<h3 class=\"elementor-heading-title elementor-size-default\">Target Oil cuenta con un equipo de profesionales altamente capacitados y con amplia experiencia.<\/h3>\t\t\t\t<\/div>\n\t\t\t\t<\/div>\n\t\t\t\t<div class=\"elementor-element elementor-element-031b1f4 elementor-widget elementor-widget-text-editor\" data-id=\"031b1f4\" data-element_type=\"widget\" data-e-type=\"widget\" data-widget_type=\"text-editor.default\">\n\t\t\t\t<div class=\"elementor-widget-container\">\n\t\t\t\t\t\t\t\t\t<p><span class=\"TextRun SCXW189959097 BCX0\" lang=\"ES-ES\" xml:lang=\"ES-ES\" data-contrast=\"none\"><span class=\"NormalTextRun SCXW189959097 BCX0\"><span class=\"TextRun SCXW146895120 BCX0\" lang=\"ES-ES\" xml:lang=\"ES-ES\" data-contrast=\"none\"><span class=\"NormalTextRun SCXW146895120 BCX0\">Ofrecemos un Servicio de Auditor\u00edas integral y especializado, dise\u00f1ado para proporcionar a nuestros clientes un an\u00e1lisis exhaustivo y detallado de sus operaciones. Nuestro <\/span><span class=\"NormalTextRun SpellingErrorV2Themed SCXW146895120 BCX0\">nuestro<\/span><span class=\"NormalTextRun SCXW146895120 BCX0\">\u00a0compromiso es proporcionar un servicio de auditor\u00eda que no solo identifique \u00e1reas de mejora, sino que tambi\u00e9n ayude a nuestros clientes a alcanzar sus objetivos estrat\u00e9gicos y operativos. Conf\u00eda en nosotros para llevar a tu empresa al siguiente nivel de eficiencia y transparencia.<\/span><\/span><span class=\"EOP SCXW146895120 BCX0\" data-ccp-props=\"{&quot;134233117&quot;:false,&quot;134233118&quot;:false,&quot;201341983&quot;:0,&quot;335551550&quot;:0,&quot;335551620&quot;:0,&quot;335557856&quot;:16777215,&quot;335559738&quot;:0,&quot;335559739&quot;:216,&quot;335559740&quot;:279}\">\u00a0<\/span><\/span><\/span><\/p>\t\t\t\t\t\t\t\t<\/div>\n\t\t\t\t<\/div>\n\t\t\t\t<\/div>\n\t\t\t\t\t<\/div>\n\t\t\t\t<\/div>\n\t\t\t\t<\/div>","protected":false},"excerpt":{"rendered":"<p>Sistema de Auditor\u00edas Externas Estudios Especializados Investigaci\u00f3n Causa Ra\u00edz (ICR) An\u00e1lisis de Riesgo de Proceso Sistema de Auditor\u00edas Externas Dict\u00e1menes y Evaluaciones T\u00e9cnicas Geof\u00edsica Geomec\u00e1nica Ingenier\u00eda de Yacimientos Estamos listos para colaborar Cotizaci\u00f3n Redes Sociales Linkedin-in Whatsapp Target Oil cuenta con un equipo de profesionales altamente capacitados y con amplia experiencia. Ofrecemos un Servicio de [&hellip;]<\/p>\n","protected":false},"author":1,"featured_media":0,"parent":0,"menu_order":0,"comment_status":"closed","ping_status":"closed","template":"elementor_header_footer","meta":{"_coblocks_attr":"","_coblocks_dimensions":"","_coblocks_responsive_height":"","_coblocks_accordion_ie_support":"","footnotes":""},"class_list":["post-901","page","type-page","status-publish","hentry"],"yoast_head":"<!-- This site is optimized with the Yoast SEO plugin v25.3 - https:\/\/yoast.com\/wordpress\/plugins\/seo\/ -->\n<title>Sistema de Auditor\u00edas Externas - Target Oil Services<\/title>\n<meta name=\"robots\" content=\"index, follow, max-snippet:-1, max-image-preview:large, max-video-preview:-1\" \/>\n<link rel=\"canonical\" href=\"https:\/\/targetoil.com.mx\/en\/sistema-de-auditorias-externas\/\" \/>\n<meta property=\"og:locale\" content=\"en_US\" \/>\n<meta property=\"og:type\" content=\"article\" \/>\n<meta property=\"og:title\" content=\"Sistema de Auditor\u00edas Externas - Target Oil Services\" \/>\n<meta property=\"og:description\" content=\"Sistema de Auditor\u00edas Externas Estudios Especializados Investigaci\u00f3n Causa Ra\u00edz (ICR) An\u00e1lisis de Riesgo de Proceso Sistema de Auditor\u00edas Externas Dict\u00e1menes y Evaluaciones T\u00e9cnicas Geof\u00edsica Geomec\u00e1nica Ingenier\u00eda de Yacimientos Estamos listos para colaborar Cotizaci\u00f3n Redes Sociales Linkedin-in Whatsapp Target Oil cuenta con un equipo de profesionales altamente capacitados y con amplia experiencia. Ofrecemos un Servicio de [&hellip;]\" \/>\n<meta property=\"og:url\" content=\"https:\/\/targetoil.com.mx\/en\/sistema-de-auditorias-externas\/\" \/>\n<meta property=\"og:site_name\" content=\"Target Oil Services\" \/>\n<meta property=\"article:modified_time\" content=\"2024-08-04T16:51:30+00:00\" \/>\n<meta property=\"og:image\" content=\"https:\/\/targetoil.com.mx\/wp-content\/uploads\/2024\/06\/oil-pump-on-sunset.jpg\" \/>\n<meta name=\"twitter:card\" content=\"summary_large_image\" \/>\n<meta name=\"twitter:label1\" content=\"Est. reading time\" \/>\n\t<meta name=\"twitter:data1\" content=\"1 minute\" \/>\n<script type=\"application\/ld+json\" class=\"yoast-schema-graph\">{\"@context\":\"https:\/\/schema.org\",\"@graph\":[{\"@type\":\"WebPage\",\"@id\":\"https:\/\/targetoil.com.mx\/sistema-de-auditorias-externas\/\",\"url\":\"https:\/\/targetoil.com.mx\/sistema-de-auditorias-externas\/\",\"name\":\"Sistema de Auditor\u00edas Externas - Target Oil Services\",\"isPartOf\":{\"@id\":\"https:\/\/targetoil.com.mx\/#website\"},\"primaryImageOfPage\":{\"@id\":\"https:\/\/targetoil.com.mx\/sistema-de-auditorias-externas\/#primaryimage\"},\"image\":{\"@id\":\"https:\/\/targetoil.com.mx\/sistema-de-auditorias-externas\/#primaryimage\"},\"thumbnailUrl\":\"https:\/\/targetoil.com.mx\/wp-content\/uploads\/2024\/06\/oil-pump-on-sunset.jpg\",\"datePublished\":\"2024-06-14T19:13:34+00:00\",\"dateModified\":\"2024-08-04T16:51:30+00:00\",\"breadcrumb\":{\"@id\":\"https:\/\/targetoil.com.mx\/sistema-de-auditorias-externas\/#breadcrumb\"},\"inLanguage\":\"en-US\",\"potentialAction\":[{\"@type\":\"ReadAction\",\"target\":[\"https:\/\/targetoil.com.mx\/sistema-de-auditorias-externas\/\"]}]},{\"@type\":\"ImageObject\",\"inLanguage\":\"en-US\",\"@id\":\"https:\/\/targetoil.com.mx\/sistema-de-auditorias-externas\/#primaryimage\",\"url\":\"https:\/\/targetoil.com.mx\/wp-content\/uploads\/2024\/06\/oil-pump-on-sunset.jpg\",\"contentUrl\":\"https:\/\/targetoil.com.mx\/wp-content\/uploads\/2024\/06\/oil-pump-on-sunset.jpg\"},{\"@type\":\"BreadcrumbList\",\"@id\":\"https:\/\/targetoil.com.mx\/sistema-de-auditorias-externas\/#breadcrumb\",\"itemListElement\":[{\"@type\":\"ListItem\",\"position\":1,\"name\":\"Home\",\"item\":\"https:\/\/targetoil.com.mx\/\"},{\"@type\":\"ListItem\",\"position\":2,\"name\":\"Sistema de Auditor\u00edas Externas\"}]},{\"@type\":\"WebSite\",\"@id\":\"https:\/\/targetoil.com.mx\/#website\",\"url\":\"https:\/\/targetoil.com.mx\/\",\"name\":\"Target Oil Services\",\"description\":\"\",\"publisher\":{\"@id\":\"https:\/\/targetoil.com.mx\/#organization\"},\"alternateName\":\"Target Oil\",\"potentialAction\":[{\"@type\":\"SearchAction\",\"target\":{\"@type\":\"EntryPoint\",\"urlTemplate\":\"https:\/\/targetoil.com.mx\/?s={search_term_string}\"},\"query-input\":{\"@type\":\"PropertyValueSpecification\",\"valueRequired\":true,\"valueName\":\"search_term_string\"}}],\"inLanguage\":\"en-US\"},{\"@type\":\"Organization\",\"@id\":\"https:\/\/targetoil.com.mx\/#organization\",\"name\":\"Target Oil Services\",\"url\":\"https:\/\/targetoil.com.mx\/\",\"logo\":{\"@type\":\"ImageObject\",\"inLanguage\":\"en-US\",\"@id\":\"https:\/\/targetoil.com.mx\/#\/schema\/logo\/image\/\",\"url\":\"https:\/\/targetoil.com.mx\/wp-content\/uploads\/2024\/05\/Mesa-de-trabajo-1-copia-16@4x-8.png\",\"contentUrl\":\"https:\/\/targetoil.com.mx\/wp-content\/uploads\/2024\/05\/Mesa-de-trabajo-1-copia-16@4x-8.png\",\"width\":675,\"height\":590,\"caption\":\"Target Oil Services\"},\"image\":{\"@id\":\"https:\/\/targetoil.com.mx\/#\/schema\/logo\/image\/\"},\"sameAs\":[\"https:\/\/www.linkedin.com\/company\/target-oil\/\"]}]}<\/script>\n<!-- \/ Yoast SEO plugin. -->","yoast_head_json":{"title":"Sistema de Auditor\u00edas Externas - Target Oil Services","robots":{"index":"index","follow":"follow","max-snippet":"max-snippet:-1","max-image-preview":"max-image-preview:large","max-video-preview":"max-video-preview:-1"},"canonical":"https:\/\/targetoil.com.mx\/en\/sistema-de-auditorias-externas\/","og_locale":"en_US","og_type":"article","og_title":"Sistema de Auditor\u00edas Externas - Target Oil Services","og_description":"Sistema de Auditor\u00edas Externas Estudios Especializados Investigaci\u00f3n Causa Ra\u00edz (ICR) An\u00e1lisis de Riesgo de Proceso Sistema de Auditor\u00edas Externas Dict\u00e1menes y Evaluaciones T\u00e9cnicas Geof\u00edsica Geomec\u00e1nica Ingenier\u00eda de Yacimientos Estamos listos para colaborar Cotizaci\u00f3n Redes Sociales Linkedin-in Whatsapp Target Oil cuenta con un equipo de profesionales altamente capacitados y con amplia experiencia. Ofrecemos un Servicio de [&hellip;]","og_url":"https:\/\/targetoil.com.mx\/en\/sistema-de-auditorias-externas\/","og_site_name":"Target Oil Services","article_modified_time":"2024-08-04T16:51:30+00:00","og_image":[{"url":"https:\/\/targetoil.com.mx\/wp-content\/uploads\/2024\/06\/oil-pump-on-sunset.jpg","type":"","width":"","height":""}],"twitter_card":"summary_large_image","twitter_misc":{"Est. reading time":"1 minute"},"schema":{"@context":"https:\/\/schema.org","@graph":[{"@type":"WebPage","@id":"https:\/\/targetoil.com.mx\/sistema-de-auditorias-externas\/","url":"https:\/\/targetoil.com.mx\/sistema-de-auditorias-externas\/","name":"Sistema de Auditor\u00edas Externas - Target Oil Services","isPartOf":{"@id":"https:\/\/targetoil.com.mx\/#website"},"primaryImageOfPage":{"@id":"https:\/\/targetoil.com.mx\/sistema-de-auditorias-externas\/#primaryimage"},"image":{"@id":"https:\/\/targetoil.com.mx\/sistema-de-auditorias-externas\/#primaryimage"},"thumbnailUrl":"https:\/\/targetoil.com.mx\/wp-content\/uploads\/2024\/06\/oil-pump-on-sunset.jpg","datePublished":"2024-06-14T19:13:34+00:00","dateModified":"2024-08-04T16:51:30+00:00","breadcrumb":{"@id":"https:\/\/targetoil.com.mx\/sistema-de-auditorias-externas\/#breadcrumb"},"inLanguage":"en-US","potentialAction":[{"@type":"ReadAction","target":["https:\/\/targetoil.com.mx\/sistema-de-auditorias-externas\/"]}]},{"@type":"ImageObject","inLanguage":"en-US","@id":"https:\/\/targetoil.com.mx\/sistema-de-auditorias-externas\/#primaryimage","url":"https:\/\/targetoil.com.mx\/wp-content\/uploads\/2024\/06\/oil-pump-on-sunset.jpg","contentUrl":"https:\/\/targetoil.com.mx\/wp-content\/uploads\/2024\/06\/oil-pump-on-sunset.jpg"},{"@type":"BreadcrumbList","@id":"https:\/\/targetoil.com.mx\/sistema-de-auditorias-externas\/#breadcrumb","itemListElement":[{"@type":"ListItem","position":1,"name":"Home","item":"https:\/\/targetoil.com.mx\/"},{"@type":"ListItem","position":2,"name":"Sistema de Auditor\u00edas Externas"}]},{"@type":"WebSite","@id":"https:\/\/targetoil.com.mx\/#website","url":"https:\/\/targetoil.com.mx\/","name":"Target Oil Services","description":"","publisher":{"@id":"https:\/\/targetoil.com.mx\/#organization"},"alternateName":"Target Oil","potentialAction":[{"@type":"SearchAction","target":{"@type":"EntryPoint","urlTemplate":"https:\/\/targetoil.com.mx\/?s={search_term_string}"},"query-input":{"@type":"PropertyValueSpecification","valueRequired":true,"valueName":"search_term_string"}}],"inLanguage":"en-US"},{"@type":"Organization","@id":"https:\/\/targetoil.com.mx\/#organization","name":"Target Oil Services","url":"https:\/\/targetoil.com.mx\/","logo":{"@type":"ImageObject","inLanguage":"en-US","@id":"https:\/\/targetoil.com.mx\/#\/schema\/logo\/image\/","url":"https:\/\/targetoil.com.mx\/wp-content\/uploads\/2024\/05\/Mesa-de-trabajo-1-copia-16@4x-8.png","contentUrl":"https:\/\/targetoil.com.mx\/wp-content\/uploads\/2024\/05\/Mesa-de-trabajo-1-copia-16@4x-8.png","width":675,"height":590,"caption":"Target Oil Services"},"image":{"@id":"https:\/\/targetoil.com.mx\/#\/schema\/logo\/image\/"},"sameAs":["https:\/\/www.linkedin.com\/company\/target-oil\/"]}]}},"_links":{"self":[{"href":"https:\/\/targetoil.com.mx\/en\/wp-json\/wp\/v2\/pages\/901","targetHints":{"allow":["GET"]}}],"collection":[{"href":"https:\/\/targetoil.com.mx\/en\/wp-json\/wp\/v2\/pages"}],"about":[{"href":"https:\/\/targetoil.com.mx\/en\/wp-json\/wp\/v2\/types\/page"}],"author":[{"embeddable":true,"href":"https:\/\/targetoil.com.mx\/en\/wp-json\/wp\/v2\/users\/1"}],"replies":[{"embeddable":true,"href":"https:\/\/targetoil.com.mx\/en\/wp-json\/wp\/v2\/comments?post=901"}],"version-history":[{"count":26,"href":"https:\/\/targetoil.com.mx\/en\/wp-json\/wp\/v2\/pages\/901\/revisions"}],"predecessor-version":[{"id":2185,"href":"https:\/\/targetoil.com.mx\/en\/wp-json\/wp\/v2\/pages\/901\/revisions\/2185"}],"wp:attachment":[{"href":"https:\/\/targetoil.com.mx\/en\/wp-json\/wp\/v2\/media?parent=901"}],"curies":[{"name":"wp","href":"https:\/\/api.w.org\/{rel}","templated":true}]}}