{"id":891,"date":"2024-06-14T19:07:37","date_gmt":"2024-06-14T19:07:37","guid":{"rendered":"https:\/\/targetoil.com.mx\/?page_id=891"},"modified":"2024-08-04T16:46:18","modified_gmt":"2024-08-04T16:46:18","slug":"investigacion-causa-raiz","status":"publish","type":"page","link":"https:\/\/targetoil.com.mx\/en\/investigacion-causa-raiz\/","title":{"rendered":"Investigaci\u00f3n Causa Ra\u00edz"},"content":{"rendered":"<div data-elementor-type=\"wp-page\" data-elementor-id=\"891\" class=\"elementor elementor-891\">\n\t\t\t\t<div class=\"elementor-element elementor-element-8bf0a92 e-flex e-con-boxed e-con e-parent\" data-id=\"8bf0a92\" data-element_type=\"container\" data-e-type=\"container\" data-settings=\"{&quot;background_background&quot;:&quot;classic&quot;}\">\n\t\t\t\t\t<div class=\"e-con-inner\">\n\t\t<div class=\"elementor-element elementor-element-11f77e5 e-flex e-con-boxed e-con e-child\" data-id=\"11f77e5\" data-element_type=\"container\" data-e-type=\"container\">\n\t\t\t\t\t<div class=\"e-con-inner\">\n\t\t\t\t<div class=\"elementor-element elementor-element-c391feb elementor-widget elementor-widget-heading\" data-id=\"c391feb\" data-element_type=\"widget\" data-e-type=\"widget\" data-widget_type=\"heading.default\">\n\t\t\t\t<div class=\"elementor-widget-container\">\n\t\t\t\t\t<h1 class=\"elementor-heading-title elementor-size-default\">Investigaci\u00f3n Causa Ra\u00edz (ICR)<\/h1>\t\t\t\t<\/div>\n\t\t\t\t<\/div>\n\t\t\t\t\t<\/div>\n\t\t\t\t<\/div>\n\t\t\t\t\t<\/div>\n\t\t\t\t<\/div>\n\t\t<div class=\"elementor-element elementor-element-3240b07 e-flex e-con-boxed e-con e-parent\" data-id=\"3240b07\" data-element_type=\"container\" data-e-type=\"container\">\n\t\t\t\t\t<div class=\"e-con-inner\">\n\t\t<div class=\"elementor-element elementor-element-aaee5a9 e-con-full e-flex e-con e-child\" data-id=\"aaee5a9\" data-element_type=\"container\" data-e-type=\"container\">\n\t\t<div class=\"elementor-element elementor-element-b254f65 e-con-full e-flex e-con e-child\" data-id=\"b254f65\" data-element_type=\"container\" data-e-type=\"container\" data-settings=\"{&quot;background_background&quot;:&quot;classic&quot;}\">\n\t\t\t\t<div class=\"elementor-element elementor-element-e9a29de elementor-widget elementor-widget-heading\" data-id=\"e9a29de\" data-element_type=\"widget\" data-e-type=\"widget\" data-widget_type=\"heading.default\">\n\t\t\t\t<div class=\"elementor-widget-container\">\n\t\t\t\t\t<h4 class=\"elementor-heading-title elementor-size-default\">Estudios Especializados<\/h4>\t\t\t\t<\/div>\n\t\t\t\t<\/div>\n\t\t\t\t<div class=\"elementor-element elementor-element-a2c2e5f elementor-align-start elementor-list-item-link-full_width elementor-widget elementor-widget-icon-list\" data-id=\"a2c2e5f\" data-element_type=\"widget\" data-e-type=\"widget\" data-widget_type=\"icon-list.default\">\n\t\t\t\t<div class=\"elementor-widget-container\">\n\t\t\t\t\t\t\t<ul class=\"elementor-icon-list-items\">\n\t\t\t\t\t\t\t<li class=\"elementor-icon-list-item\">\n\t\t\t\t\t\t\t\t\t\t\t<a href=\"https:\/\/targetoil.com.mx\/en\/investigacion-causa-raiz\/\">\n\n\t\t\t\t\t\t\t\t\t\t\t\t<span class=\"elementor-icon-list-icon\">\n\t\t\t\t\t\t\t<i aria-hidden=\"true\" class=\"arrow_right\"><\/i>\t\t\t\t\t\t<\/span>\n\t\t\t\t\t\t\t\t\t\t<span class=\"elementor-icon-list-text\">Investigaci\u00f3n Causa Ra\u00edz (ICR)<\/span>\n\t\t\t\t\t\t\t\t\t\t\t<\/a>\n\t\t\t\t\t\t\t\t\t<\/li>\n\t\t\t\t\t\t\t\t<li class=\"elementor-icon-list-item\">\n\t\t\t\t\t\t\t\t\t\t\t<a href=\"https:\/\/targetoil.com.mx\/en\/analisis-de-riesgo-de-proceso\/\">\n\n\t\t\t\t\t\t\t\t\t\t\t\t<span class=\"elementor-icon-list-icon\">\n\t\t\t\t\t\t\t<i aria-hidden=\"true\" class=\"arrow_right\"><\/i>\t\t\t\t\t\t<\/span>\n\t\t\t\t\t\t\t\t\t\t<span class=\"elementor-icon-list-text\">An\u00e1lisis de Riesgo de Proceso<\/span>\n\t\t\t\t\t\t\t\t\t\t\t<\/a>\n\t\t\t\t\t\t\t\t\t<\/li>\n\t\t\t\t\t\t\t\t<li class=\"elementor-icon-list-item\">\n\t\t\t\t\t\t\t\t\t\t\t<a href=\"https:\/\/targetoil.com.mx\/en\/sistema-de-auditorias-externas\/\">\n\n\t\t\t\t\t\t\t\t\t\t\t\t<span class=\"elementor-icon-list-icon\">\n\t\t\t\t\t\t\t<i aria-hidden=\"true\" class=\"arrow_right\"><\/i>\t\t\t\t\t\t<\/span>\n\t\t\t\t\t\t\t\t\t\t<span class=\"elementor-icon-list-text\">Sistema de Auditor\u00edas Externas<\/span>\n\t\t\t\t\t\t\t\t\t\t\t<\/a>\n\t\t\t\t\t\t\t\t\t<\/li>\n\t\t\t\t\t\t\t\t<li class=\"elementor-icon-list-item\">\n\t\t\t\t\t\t\t\t\t\t\t<a href=\"https:\/\/targetoil.com.mx\/en\/dictamenes-y-evaluaciones-tecnicas\/\">\n\n\t\t\t\t\t\t\t\t\t\t\t\t<span class=\"elementor-icon-list-icon\">\n\t\t\t\t\t\t\t<i aria-hidden=\"true\" class=\"arrow_right\"><\/i>\t\t\t\t\t\t<\/span>\n\t\t\t\t\t\t\t\t\t\t<span class=\"elementor-icon-list-text\">Dict\u00e1menes y Evaluaciones T\u00e9cnicas<\/span>\n\t\t\t\t\t\t\t\t\t\t\t<\/a>\n\t\t\t\t\t\t\t\t\t<\/li>\n\t\t\t\t\t\t\t\t<li class=\"elementor-icon-list-item\">\n\t\t\t\t\t\t\t\t\t\t\t<a href=\"https:\/\/targetoil.com.mx\/en\/geofisica\/\">\n\n\t\t\t\t\t\t\t\t\t\t\t\t<span class=\"elementor-icon-list-icon\">\n\t\t\t\t\t\t\t<i aria-hidden=\"true\" class=\"arrow_right\"><\/i>\t\t\t\t\t\t<\/span>\n\t\t\t\t\t\t\t\t\t\t<span class=\"elementor-icon-list-text\">Geof\u00edsica<\/span>\n\t\t\t\t\t\t\t\t\t\t\t<\/a>\n\t\t\t\t\t\t\t\t\t<\/li>\n\t\t\t\t\t\t\t\t<li class=\"elementor-icon-list-item\">\n\t\t\t\t\t\t\t\t\t\t\t<a href=\"https:\/\/targetoil.com.mx\/en\/geomecanica\/\">\n\n\t\t\t\t\t\t\t\t\t\t\t\t<span class=\"elementor-icon-list-icon\">\n\t\t\t\t\t\t\t<i aria-hidden=\"true\" class=\"arrow_right\"><\/i>\t\t\t\t\t\t<\/span>\n\t\t\t\t\t\t\t\t\t\t<span class=\"elementor-icon-list-text\">Geomec\u00e1nica<\/span>\n\t\t\t\t\t\t\t\t\t\t\t<\/a>\n\t\t\t\t\t\t\t\t\t<\/li>\n\t\t\t\t\t\t\t\t<li class=\"elementor-icon-list-item\">\n\t\t\t\t\t\t\t\t\t\t\t<a href=\"https:\/\/targetoil.com.mx\/en\/ingenieria-de-yacimientos\/\">\n\n\t\t\t\t\t\t\t\t\t\t\t\t<span class=\"elementor-icon-list-icon\">\n\t\t\t\t\t\t\t<i aria-hidden=\"true\" class=\"arrow_right\"><\/i>\t\t\t\t\t\t<\/span>\n\t\t\t\t\t\t\t\t\t\t<span class=\"elementor-icon-list-text\">Ingenier\u00eda de Yacimientos<\/span>\n\t\t\t\t\t\t\t\t\t\t\t<\/a>\n\t\t\t\t\t\t\t\t\t<\/li>\n\t\t\t\t\t\t<\/ul>\n\t\t\t\t\t\t<\/div>\n\t\t\t\t<\/div>\n\t\t\t\t<\/div>\n\t\t<div class=\"elementor-element elementor-element-a0973dd e-con-full e-flex e-con e-child\" data-id=\"a0973dd\" data-element_type=\"container\" data-e-type=\"container\">\n\t\t\t\t<div class=\"elementor-element elementor-element-48b0f49 elementor-widget elementor-widget-call-to-action\" data-id=\"48b0f49\" data-element_type=\"widget\" data-e-type=\"widget\" data-widget_type=\"call-to-action.default\">\n\t\t\t\t<div class=\"elementor-widget-container\">\n\t\t\t\t\t \t\t\t\t<\/div>\n\t\t\t\t<\/div>\n\t\t\t\t<\/div>\n\t\t<div class=\"elementor-element elementor-element-8c867ec e-con-full e-flex e-con e-child\" data-id=\"8c867ec\" data-element_type=\"container\" data-e-type=\"container\">\n\t\t<div class=\"elementor-element elementor-element-9d4a50b e-flex e-con-boxed e-con e-child\" data-id=\"9d4a50b\" data-element_type=\"container\" data-e-type=\"container\">\n\t\t\t\t\t<div class=\"e-con-inner\">\n\t\t\t\t<div class=\"elementor-element elementor-element-b6a1b94 elementor-widget elementor-widget-heading\" data-id=\"b6a1b94\" data-element_type=\"widget\" data-e-type=\"widget\" data-widget_type=\"heading.default\">\n\t\t\t\t<div class=\"elementor-widget-container\">\n\t\t\t\t\t<h4 class=\"elementor-heading-title elementor-size-default\">Redes Sociales<\/h4>\t\t\t\t<\/div>\n\t\t\t\t<\/div>\n\t\t\t\t<div class=\"elementor-element elementor-element-b2b8a53 elementor-shape-rounded elementor-grid-0 e-grid-align-center elementor-widget elementor-widget-social-icons\" data-id=\"b2b8a53\" data-element_type=\"widget\" data-e-type=\"widget\" data-widget_type=\"social-icons.default\">\n\t\t\t\t<div class=\"elementor-widget-container\">\n\t\t\t\t\t\t\t<div class=\"elementor-social-icons-wrapper elementor-grid\" role=\"list\">\n\t\t\t\t\t\t\t<span class=\"elementor-grid-item\" role=\"listitem\">\n\t\t\t\t\t<a class=\"elementor-icon elementor-social-icon elementor-social-icon-linkedin-in elementor-animation-shrink elementor-repeater-item-d96618d\" href=\"https:\/\/www.linkedin.com\/company\/target-oil\/\" target=\"_blank\">\n\t\t\t\t\t\t<span class=\"elementor-screen-only\">Linkedin-in<\/span>\n\t\t\t\t\t\t<svg aria-hidden=\"true\" class=\"e-font-icon-svg e-fab-linkedin-in\" viewbox=\"0 0 448 512\" xmlns=\"http:\/\/www.w3.org\/2000\/svg\"><path d=\"M100.28 448H7.4V148.9h92.88zM53.79 108.1C24.09 108.1 0 83.5 0 53.8a53.79 53.79 0 0 1 107.58 0c0 29.7-24.1 54.3-53.79 54.3zM447.9 448h-92.68V302.4c0-34.7-.7-79.2-48.29-79.2-48.29 0-55.69 37.7-55.69 76.7V448h-92.78V148.9h89.08v40.8h1.3c12.4-23.5 42.69-48.3 87.88-48.3 94 0 111.28 61.9 111.28 142.3V448z\"><\/path><\/svg>\t\t\t\t\t<\/a>\n\t\t\t\t<\/span>\n\t\t\t\t\t\t\t<span class=\"elementor-grid-item\" role=\"listitem\">\n\t\t\t\t\t<a class=\"elementor-icon elementor-social-icon elementor-social-icon-whatsapp elementor-animation-shrink elementor-repeater-item-5f46c97\" href=\"https:\/\/chatwith.io\/s\/529931773718\" target=\"_blank\">\n\t\t\t\t\t\t<span class=\"elementor-screen-only\">Whatsapp<\/span>\n\t\t\t\t\t\t<svg aria-hidden=\"true\" class=\"e-font-icon-svg e-fab-whatsapp\" viewbox=\"0 0 448 512\" xmlns=\"http:\/\/www.w3.org\/2000\/svg\"><path d=\"M380.9 97.1C339 55.1 283.2 32 223.9 32c-122.4 0-222 99.6-222 222 0 39.1 10.2 77.3 29.6 111L0 480l117.7-30.9c32.4 17.7 68.9 27 106.1 27h.1c122.3 0 224.1-99.6 224.1-222 0-59.3-25.2-115-67.1-157zm-157 341.6c-33.2 0-65.7-8.9-94-25.7l-6.7-4-69.8 18.3L72 359.2l-4.4-7c-18.5-29.4-28.2-63.3-28.2-98.2 0-101.7 82.8-184.5 184.6-184.5 49.3 0 95.6 19.2 130.4 54.1 34.8 34.9 56.2 81.2 56.1 130.5 0 101.8-84.9 184.6-186.6 184.6zm101.2-138.2c-5.5-2.8-32.8-16.2-37.9-18-5.1-1.9-8.8-2.8-12.5 2.8-3.7 5.6-14.3 18-17.6 21.8-3.2 3.7-6.5 4.2-12 1.4-32.6-16.3-54-29.1-75.5-66-5.7-9.8 5.7-9.1 16.3-30.3 1.8-3.7.9-6.9-.5-9.7-1.4-2.8-12.5-30.1-17.1-41.2-4.5-10.8-9.1-9.3-12.5-9.5-3.2-.2-6.9-.2-10.6-.2-3.7 0-9.7 1.4-14.8 6.9-5.1 5.6-19.4 19-19.4 46.3 0 27.3 19.9 53.7 22.6 57.4 2.8 3.7 39.1 59.7 94.8 83.8 35.2 15.2 49 16.5 66.6 13.9 10.7-1.6 32.8-13.4 37.4-26.4 4.6-13 4.6-24.1 3.2-26.4-1.3-2.5-5-3.9-10.5-6.6z\"><\/path><\/svg>\t\t\t\t\t<\/a>\n\t\t\t\t<\/span>\n\t\t\t\t\t<\/div>\n\t\t\t\t\t\t<\/div>\n\t\t\t\t<\/div>\n\t\t\t\t\t<\/div>\n\t\t\t\t<\/div>\n\t\t\t\t<\/div>\n\t\t\t\t<\/div>\n\t\t<div class=\"elementor-element elementor-element-83f51b0 e-con-full e-flex e-con e-child\" data-id=\"83f51b0\" data-element_type=\"container\" data-e-type=\"container\">\n\t\t\t\t<div class=\"elementor-element elementor-element-94a7374 elementor-widget elementor-widget-image\" data-id=\"94a7374\" data-element_type=\"widget\" data-e-type=\"widget\" data-widget_type=\"image.default\">\n\t\t\t\t<div class=\"elementor-widget-container\">\n\t\t\t\t\t\t\t\t\t\t\t\t\t\t\t<img fetchpriority=\"high\" decoding=\"async\" width=\"2000\" height=\"1310\" src=\"https:\/\/targetoil.com.mx\/wp-content\/uploads\/2024\/06\/oil-pump-on-sunset.jpg\" class=\"attachment-full size-full wp-image-747\" alt=\"oil pump on sunset\" srcset=\"https:\/\/targetoil.com.mx\/wp-content\/uploads\/2024\/06\/oil-pump-on-sunset.jpg 2000w, https:\/\/targetoil.com.mx\/wp-content\/uploads\/2024\/06\/oil-pump-on-sunset-300x197.jpg 300w, https:\/\/targetoil.com.mx\/wp-content\/uploads\/2024\/06\/oil-pump-on-sunset-1024x671.jpg 1024w, https:\/\/targetoil.com.mx\/wp-content\/uploads\/2024\/06\/oil-pump-on-sunset-768x503.jpg 768w, https:\/\/targetoil.com.mx\/wp-content\/uploads\/2024\/06\/oil-pump-on-sunset-1536x1006.jpg 1536w\" sizes=\"(max-width: 2000px) 100vw, 2000px\" \/>\t\t\t\t\t\t\t\t\t\t\t\t\t\t\t<\/div>\n\t\t\t\t<\/div>\n\t\t\t\t<div class=\"elementor-element elementor-element-d094678 elementor-widget elementor-widget-heading\" data-id=\"d094678\" data-element_type=\"widget\" data-e-type=\"widget\" data-widget_type=\"heading.default\">\n\t\t\t\t<div class=\"elementor-widget-container\">\n\t\t\t\t\t<h3 class=\"elementor-heading-title elementor-size-default\">Target Oil cuenta con un equipo de profesionales altamente capacitados y con amplia experiencia.<\/h3>\t\t\t\t<\/div>\n\t\t\t\t<\/div>\n\t\t\t\t<div class=\"elementor-element elementor-element-ab0f95d elementor-widget elementor-widget-text-editor\" data-id=\"ab0f95d\" data-element_type=\"widget\" data-e-type=\"widget\" data-widget_type=\"text-editor.default\">\n\t\t\t\t<div class=\"elementor-widget-container\">\n\t\t\t\t\t\t\t\t\t<p><span class=\"TextRun SCXW82724118 BCX0\" lang=\"ES-ES\" xml:lang=\"ES-ES\" data-contrast=\"none\"><span class=\"NormalTextRun SCXW82724118 BCX0\">Entendemos la importancia de la seguridad y la prevenci\u00f3n de incidentes en las operaciones. Es por eso <\/span><span class=\"NormalTextRun AdvancedProofingIssueV2Themed SCXW82724118 BCX0\">que<\/span><span class=\"NormalTextRun SCXW82724118 BCX0\">\u00a0ofrecemos servicios especializados de Investigaci\u00f3n de Causa Ra\u00edz (ICR) para identificar y abordar las causas fundamentales de los problemas operativos, accidentes o incidentes en instalaciones petroleras.<\/span><\/span><span class=\"EOP SCXW82724118 BCX0\" data-ccp-props=\"{&quot;134233117&quot;:false,&quot;134233118&quot;:false,&quot;201341983&quot;:0,&quot;335551550&quot;:0,&quot;335551620&quot;:0,&quot;335557856&quot;:16777215,&quot;335559738&quot;:0,&quot;335559739&quot;:216,&quot;335559740&quot;:279}\">\u00a0<\/span><\/p>\t\t\t\t\t\t\t\t<\/div>\n\t\t\t\t<\/div>\n\t\t\t\t<\/div>\n\t\t\t\t\t<\/div>\n\t\t\t\t<\/div>\n\t\t\t\t<\/div>","protected":false},"excerpt":{"rendered":"<p>Investigaci\u00f3n Causa Ra\u00edz (ICR) Estudios Especializados Investigaci\u00f3n Causa Ra\u00edz (ICR) An\u00e1lisis de Riesgo de Proceso Sistema de Auditor\u00edas Externas Dict\u00e1menes y Evaluaciones T\u00e9cnicas Geof\u00edsica Geomec\u00e1nica Ingenier\u00eda de Yacimientos Estamos listos para colaborar Cotizaci\u00f3n Redes Sociales Linkedin-in Whatsapp Target Oil cuenta con un equipo de profesionales altamente capacitados y con amplia experiencia. Entendemos la importancia de [&hellip;]<\/p>\n","protected":false},"author":1,"featured_media":0,"parent":0,"menu_order":0,"comment_status":"closed","ping_status":"closed","template":"elementor_header_footer","meta":{"_coblocks_attr":"","_coblocks_dimensions":"","_coblocks_responsive_height":"","_coblocks_accordion_ie_support":"","footnotes":""},"class_list":["post-891","page","type-page","status-publish","hentry"],"yoast_head":"<!-- This site is optimized with the Yoast SEO plugin v25.3 - https:\/\/yoast.com\/wordpress\/plugins\/seo\/ -->\n<title>Investigaci\u00f3n Causa Ra\u00edz - Target Oil Services<\/title>\n<meta name=\"robots\" content=\"index, follow, max-snippet:-1, max-image-preview:large, max-video-preview:-1\" \/>\n<link rel=\"canonical\" href=\"https:\/\/targetoil.com.mx\/en\/investigacion-causa-raiz\/\" \/>\n<meta property=\"og:locale\" content=\"en_US\" \/>\n<meta property=\"og:type\" content=\"article\" \/>\n<meta property=\"og:title\" content=\"Investigaci\u00f3n Causa Ra\u00edz - Target Oil Services\" \/>\n<meta property=\"og:description\" content=\"Investigaci\u00f3n Causa Ra\u00edz (ICR) Estudios Especializados Investigaci\u00f3n Causa Ra\u00edz (ICR) An\u00e1lisis de Riesgo de Proceso Sistema de Auditor\u00edas Externas Dict\u00e1menes y Evaluaciones T\u00e9cnicas Geof\u00edsica Geomec\u00e1nica Ingenier\u00eda de Yacimientos Estamos listos para colaborar Cotizaci\u00f3n Redes Sociales Linkedin-in Whatsapp Target Oil cuenta con un equipo de profesionales altamente capacitados y con amplia experiencia. Entendemos la importancia de [&hellip;]\" \/>\n<meta property=\"og:url\" content=\"https:\/\/targetoil.com.mx\/en\/investigacion-causa-raiz\/\" \/>\n<meta property=\"og:site_name\" content=\"Target Oil Services\" \/>\n<meta property=\"article:modified_time\" content=\"2024-08-04T16:46:18+00:00\" \/>\n<meta property=\"og:image\" content=\"https:\/\/targetoil.com.mx\/wp-content\/uploads\/2024\/06\/oil-pump-on-sunset.jpg\" \/>\n<meta name=\"twitter:card\" content=\"summary_large_image\" \/>\n<meta name=\"twitter:label1\" content=\"Est. reading time\" \/>\n\t<meta name=\"twitter:data1\" content=\"1 minute\" \/>\n<script type=\"application\/ld+json\" class=\"yoast-schema-graph\">{\"@context\":\"https:\/\/schema.org\",\"@graph\":[{\"@type\":\"WebPage\",\"@id\":\"https:\/\/targetoil.com.mx\/investigacion-causa-raiz\/\",\"url\":\"https:\/\/targetoil.com.mx\/investigacion-causa-raiz\/\",\"name\":\"Investigaci\u00f3n Causa Ra\u00edz - Target Oil Services\",\"isPartOf\":{\"@id\":\"https:\/\/targetoil.com.mx\/#website\"},\"primaryImageOfPage\":{\"@id\":\"https:\/\/targetoil.com.mx\/investigacion-causa-raiz\/#primaryimage\"},\"image\":{\"@id\":\"https:\/\/targetoil.com.mx\/investigacion-causa-raiz\/#primaryimage\"},\"thumbnailUrl\":\"https:\/\/targetoil.com.mx\/wp-content\/uploads\/2024\/06\/oil-pump-on-sunset.jpg\",\"datePublished\":\"2024-06-14T19:07:37+00:00\",\"dateModified\":\"2024-08-04T16:46:18+00:00\",\"breadcrumb\":{\"@id\":\"https:\/\/targetoil.com.mx\/investigacion-causa-raiz\/#breadcrumb\"},\"inLanguage\":\"en-US\",\"potentialAction\":[{\"@type\":\"ReadAction\",\"target\":[\"https:\/\/targetoil.com.mx\/investigacion-causa-raiz\/\"]}]},{\"@type\":\"ImageObject\",\"inLanguage\":\"en-US\",\"@id\":\"https:\/\/targetoil.com.mx\/investigacion-causa-raiz\/#primaryimage\",\"url\":\"https:\/\/targetoil.com.mx\/wp-content\/uploads\/2024\/06\/oil-pump-on-sunset.jpg\",\"contentUrl\":\"https:\/\/targetoil.com.mx\/wp-content\/uploads\/2024\/06\/oil-pump-on-sunset.jpg\"},{\"@type\":\"BreadcrumbList\",\"@id\":\"https:\/\/targetoil.com.mx\/investigacion-causa-raiz\/#breadcrumb\",\"itemListElement\":[{\"@type\":\"ListItem\",\"position\":1,\"name\":\"Home\",\"item\":\"https:\/\/targetoil.com.mx\/\"},{\"@type\":\"ListItem\",\"position\":2,\"name\":\"Investigaci\u00f3n Causa Ra\u00edz\"}]},{\"@type\":\"WebSite\",\"@id\":\"https:\/\/targetoil.com.mx\/#website\",\"url\":\"https:\/\/targetoil.com.mx\/\",\"name\":\"Target Oil Services\",\"description\":\"\",\"publisher\":{\"@id\":\"https:\/\/targetoil.com.mx\/#organization\"},\"alternateName\":\"Target Oil\",\"potentialAction\":[{\"@type\":\"SearchAction\",\"target\":{\"@type\":\"EntryPoint\",\"urlTemplate\":\"https:\/\/targetoil.com.mx\/?s={search_term_string}\"},\"query-input\":{\"@type\":\"PropertyValueSpecification\",\"valueRequired\":true,\"valueName\":\"search_term_string\"}}],\"inLanguage\":\"en-US\"},{\"@type\":\"Organization\",\"@id\":\"https:\/\/targetoil.com.mx\/#organization\",\"name\":\"Target Oil Services\",\"url\":\"https:\/\/targetoil.com.mx\/\",\"logo\":{\"@type\":\"ImageObject\",\"inLanguage\":\"en-US\",\"@id\":\"https:\/\/targetoil.com.mx\/#\/schema\/logo\/image\/\",\"url\":\"https:\/\/targetoil.com.mx\/wp-content\/uploads\/2024\/05\/Mesa-de-trabajo-1-copia-16@4x-8.png\",\"contentUrl\":\"https:\/\/targetoil.com.mx\/wp-content\/uploads\/2024\/05\/Mesa-de-trabajo-1-copia-16@4x-8.png\",\"width\":675,\"height\":590,\"caption\":\"Target Oil Services\"},\"image\":{\"@id\":\"https:\/\/targetoil.com.mx\/#\/schema\/logo\/image\/\"},\"sameAs\":[\"https:\/\/www.linkedin.com\/company\/target-oil\/\"]}]}<\/script>\n<!-- \/ Yoast SEO plugin. -->","yoast_head_json":{"title":"Investigaci\u00f3n Causa Ra\u00edz - Target Oil Services","robots":{"index":"index","follow":"follow","max-snippet":"max-snippet:-1","max-image-preview":"max-image-preview:large","max-video-preview":"max-video-preview:-1"},"canonical":"https:\/\/targetoil.com.mx\/en\/investigacion-causa-raiz\/","og_locale":"en_US","og_type":"article","og_title":"Investigaci\u00f3n Causa Ra\u00edz - Target Oil Services","og_description":"Investigaci\u00f3n Causa Ra\u00edz (ICR) Estudios Especializados Investigaci\u00f3n Causa Ra\u00edz (ICR) An\u00e1lisis de Riesgo de Proceso Sistema de Auditor\u00edas Externas Dict\u00e1menes y Evaluaciones T\u00e9cnicas Geof\u00edsica Geomec\u00e1nica Ingenier\u00eda de Yacimientos Estamos listos para colaborar Cotizaci\u00f3n Redes Sociales Linkedin-in Whatsapp Target Oil cuenta con un equipo de profesionales altamente capacitados y con amplia experiencia. Entendemos la importancia de [&hellip;]","og_url":"https:\/\/targetoil.com.mx\/en\/investigacion-causa-raiz\/","og_site_name":"Target Oil Services","article_modified_time":"2024-08-04T16:46:18+00:00","og_image":[{"url":"https:\/\/targetoil.com.mx\/wp-content\/uploads\/2024\/06\/oil-pump-on-sunset.jpg","type":"","width":"","height":""}],"twitter_card":"summary_large_image","twitter_misc":{"Est. reading time":"1 minute"},"schema":{"@context":"https:\/\/schema.org","@graph":[{"@type":"WebPage","@id":"https:\/\/targetoil.com.mx\/investigacion-causa-raiz\/","url":"https:\/\/targetoil.com.mx\/investigacion-causa-raiz\/","name":"Investigaci\u00f3n Causa Ra\u00edz - Target Oil Services","isPartOf":{"@id":"https:\/\/targetoil.com.mx\/#website"},"primaryImageOfPage":{"@id":"https:\/\/targetoil.com.mx\/investigacion-causa-raiz\/#primaryimage"},"image":{"@id":"https:\/\/targetoil.com.mx\/investigacion-causa-raiz\/#primaryimage"},"thumbnailUrl":"https:\/\/targetoil.com.mx\/wp-content\/uploads\/2024\/06\/oil-pump-on-sunset.jpg","datePublished":"2024-06-14T19:07:37+00:00","dateModified":"2024-08-04T16:46:18+00:00","breadcrumb":{"@id":"https:\/\/targetoil.com.mx\/investigacion-causa-raiz\/#breadcrumb"},"inLanguage":"en-US","potentialAction":[{"@type":"ReadAction","target":["https:\/\/targetoil.com.mx\/investigacion-causa-raiz\/"]}]},{"@type":"ImageObject","inLanguage":"en-US","@id":"https:\/\/targetoil.com.mx\/investigacion-causa-raiz\/#primaryimage","url":"https:\/\/targetoil.com.mx\/wp-content\/uploads\/2024\/06\/oil-pump-on-sunset.jpg","contentUrl":"https:\/\/targetoil.com.mx\/wp-content\/uploads\/2024\/06\/oil-pump-on-sunset.jpg"},{"@type":"BreadcrumbList","@id":"https:\/\/targetoil.com.mx\/investigacion-causa-raiz\/#breadcrumb","itemListElement":[{"@type":"ListItem","position":1,"name":"Home","item":"https:\/\/targetoil.com.mx\/"},{"@type":"ListItem","position":2,"name":"Investigaci\u00f3n Causa Ra\u00edz"}]},{"@type":"WebSite","@id":"https:\/\/targetoil.com.mx\/#website","url":"https:\/\/targetoil.com.mx\/","name":"Target Oil Services","description":"","publisher":{"@id":"https:\/\/targetoil.com.mx\/#organization"},"alternateName":"Target Oil","potentialAction":[{"@type":"SearchAction","target":{"@type":"EntryPoint","urlTemplate":"https:\/\/targetoil.com.mx\/?s={search_term_string}"},"query-input":{"@type":"PropertyValueSpecification","valueRequired":true,"valueName":"search_term_string"}}],"inLanguage":"en-US"},{"@type":"Organization","@id":"https:\/\/targetoil.com.mx\/#organization","name":"Target Oil Services","url":"https:\/\/targetoil.com.mx\/","logo":{"@type":"ImageObject","inLanguage":"en-US","@id":"https:\/\/targetoil.com.mx\/#\/schema\/logo\/image\/","url":"https:\/\/targetoil.com.mx\/wp-content\/uploads\/2024\/05\/Mesa-de-trabajo-1-copia-16@4x-8.png","contentUrl":"https:\/\/targetoil.com.mx\/wp-content\/uploads\/2024\/05\/Mesa-de-trabajo-1-copia-16@4x-8.png","width":675,"height":590,"caption":"Target Oil Services"},"image":{"@id":"https:\/\/targetoil.com.mx\/#\/schema\/logo\/image\/"},"sameAs":["https:\/\/www.linkedin.com\/company\/target-oil\/"]}]}},"_links":{"self":[{"href":"https:\/\/targetoil.com.mx\/en\/wp-json\/wp\/v2\/pages\/891","targetHints":{"allow":["GET"]}}],"collection":[{"href":"https:\/\/targetoil.com.mx\/en\/wp-json\/wp\/v2\/pages"}],"about":[{"href":"https:\/\/targetoil.com.mx\/en\/wp-json\/wp\/v2\/types\/page"}],"author":[{"embeddable":true,"href":"https:\/\/targetoil.com.mx\/en\/wp-json\/wp\/v2\/users\/1"}],"replies":[{"embeddable":true,"href":"https:\/\/targetoil.com.mx\/en\/wp-json\/wp\/v2\/comments?post=891"}],"version-history":[{"count":37,"href":"https:\/\/targetoil.com.mx\/en\/wp-json\/wp\/v2\/pages\/891\/revisions"}],"predecessor-version":[{"id":2179,"href":"https:\/\/targetoil.com.mx\/en\/wp-json\/wp\/v2\/pages\/891\/revisions\/2179"}],"wp:attachment":[{"href":"https:\/\/targetoil.com.mx\/en\/wp-json\/wp\/v2\/media?parent=891"}],"curies":[{"name":"wp","href":"https:\/\/api.w.org\/{rel}","templated":true}]}}