{"id":478,"date":"2024-06-05T17:56:29","date_gmt":"2024-06-05T17:56:29","guid":{"rendered":"https:\/\/targetoil.com.mx\/?page_id=478"},"modified":"2024-08-04T16:02:06","modified_gmt":"2024-08-04T16:02:06","slug":"electricidad-continua","status":"publish","type":"page","link":"https:\/\/targetoil.com.mx\/en\/electricidad-continua\/","title":{"rendered":"Electricidad Continua"},"content":{"rendered":"<div data-elementor-type=\"wp-page\" data-elementor-id=\"478\" class=\"elementor elementor-478\">\n\t\t\t\t<div class=\"elementor-element elementor-element-4947b9be e-flex e-con-boxed e-con e-parent\" data-id=\"4947b9be\" data-element_type=\"container\" data-e-type=\"container\" data-settings=\"{&quot;background_background&quot;:&quot;classic&quot;}\">\n\t\t\t\t\t<div class=\"e-con-inner\">\n\t\t<div class=\"elementor-element elementor-element-3c20338 e-flex e-con-boxed e-con e-child\" data-id=\"3c20338\" data-element_type=\"container\" data-e-type=\"container\">\n\t\t\t\t\t<div class=\"e-con-inner\">\n\t\t\t\t<div class=\"elementor-element elementor-element-acdae28 elementor-widget elementor-widget-heading\" data-id=\"acdae28\" data-element_type=\"widget\" data-e-type=\"widget\" data-widget_type=\"heading.default\">\n\t\t\t\t<div class=\"elementor-widget-container\">\n\t\t\t\t\t<h1 class=\"elementor-heading-title elementor-size-default\">Electricidad Continua<\/h1>\t\t\t\t<\/div>\n\t\t\t\t<\/div>\n\t\t\t\t\t<\/div>\n\t\t\t\t<\/div>\n\t\t\t\t\t<\/div>\n\t\t\t\t<\/div>\n\t\t<div class=\"elementor-element elementor-element-2db9cb5f e-flex e-con-boxed e-con e-parent\" data-id=\"2db9cb5f\" data-element_type=\"container\" data-e-type=\"container\">\n\t\t\t\t\t<div class=\"e-con-inner\">\n\t\t<div class=\"elementor-element elementor-element-5e67ba52 e-con-full e-flex e-con e-child\" data-id=\"5e67ba52\" data-element_type=\"container\" data-e-type=\"container\">\n\t\t<div class=\"elementor-element elementor-element-46b0b6f2 e-con-full e-flex e-con e-child\" data-id=\"46b0b6f2\" data-element_type=\"container\" data-e-type=\"container\" data-settings=\"{&quot;background_background&quot;:&quot;classic&quot;}\">\n\t\t\t\t<div class=\"elementor-element elementor-element-23bf848 elementor-widget elementor-widget-heading\" data-id=\"23bf848\" data-element_type=\"widget\" data-e-type=\"widget\" data-widget_type=\"heading.default\">\n\t\t\t\t<div class=\"elementor-widget-container\">\n\t\t\t\t\t<h4 class=\"elementor-heading-title elementor-size-default\">Otros Servicios<\/h4>\t\t\t\t<\/div>\n\t\t\t\t<\/div>\n\t\t\t\t<div class=\"elementor-element elementor-element-601c37a9 elementor-icon-list--layout-traditional elementor-list-item-link-full_width elementor-widget elementor-widget-icon-list\" data-id=\"601c37a9\" data-element_type=\"widget\" data-e-type=\"widget\" data-widget_type=\"icon-list.default\">\n\t\t\t\t<div class=\"elementor-widget-container\">\n\t\t\t\t\t\t\t<ul class=\"elementor-icon-list-items\">\n\t\t\t\t\t\t\t<li class=\"elementor-icon-list-item\">\n\t\t\t\t\t\t\t\t\t\t\t<a href=\"https:\/\/targetoil.com.mx\/en\/servicio-habitacional\/\">\n\n\t\t\t\t\t\t\t\t\t\t\t\t<span class=\"elementor-icon-list-icon\">\n\t\t\t\t\t\t\t<i aria-hidden=\"true\" class=\"arrow_right\"><\/i>\t\t\t\t\t\t<\/span>\n\t\t\t\t\t\t\t\t\t\t<span class=\"elementor-icon-list-text\">Servicio Habitacional<\/span>\n\t\t\t\t\t\t\t\t\t\t\t<\/a>\n\t\t\t\t\t\t\t\t\t<\/li>\n\t\t\t\t\t\t\t\t<li class=\"elementor-icon-list-item\">\n\t\t\t\t\t\t\t\t\t\t\t<a href=\"https:\/\/targetoil.com.mx\/en\/servicio-de-cocina-comedor-y-lavanderia\/\">\n\n\t\t\t\t\t\t\t\t\t\t\t\t<span class=\"elementor-icon-list-icon\">\n\t\t\t\t\t\t\t<i aria-hidden=\"true\" class=\"arrow_right\"><\/i>\t\t\t\t\t\t<\/span>\n\t\t\t\t\t\t\t\t\t\t<span class=\"elementor-icon-list-text\">Servicio de Cocina, Comedor y Lavander\u00eda<\/span>\n\t\t\t\t\t\t\t\t\t\t\t<\/a>\n\t\t\t\t\t\t\t\t\t<\/li>\n\t\t\t\t\t\t\t\t<li class=\"elementor-icon-list-item\">\n\t\t\t\t\t\t\t\t\t\t\t<a href=\"https:\/\/targetoil.com.mx\/en\/servicio-de-oficina\/\">\n\n\t\t\t\t\t\t\t\t\t\t\t\t<span class=\"elementor-icon-list-icon\">\n\t\t\t\t\t\t\t<i aria-hidden=\"true\" class=\"arrow_right\"><\/i>\t\t\t\t\t\t<\/span>\n\t\t\t\t\t\t\t\t\t\t<span class=\"elementor-icon-list-text\">Servicio de Oficina e Inernet<\/span>\n\t\t\t\t\t\t\t\t\t\t\t<\/a>\n\t\t\t\t\t\t\t\t\t<\/li>\n\t\t\t\t\t\t\t\t<li class=\"elementor-icon-list-item\">\n\t\t\t\t\t\t\t\t\t\t\t<a href=\"https:\/\/targetoil.com.mx\/en\/electricidad-continua\/\">\n\n\t\t\t\t\t\t\t\t\t\t\t\t<span class=\"elementor-icon-list-icon\">\n\t\t\t\t\t\t\t<i aria-hidden=\"true\" class=\"arrow_right\"><\/i>\t\t\t\t\t\t<\/span>\n\t\t\t\t\t\t\t\t\t\t<span class=\"elementor-icon-list-text\">Electricidad Continua<\/span>\n\t\t\t\t\t\t\t\t\t\t\t<\/a>\n\t\t\t\t\t\t\t\t\t<\/li>\n\t\t\t\t\t\t\t\t<li class=\"elementor-icon-list-item\">\n\t\t\t\t\t\t\t\t\t\t\t<a href=\"https:\/\/targetoil.com.mx\/en\/agua-potable\/\">\n\n\t\t\t\t\t\t\t\t\t\t\t\t<span class=\"elementor-icon-list-icon\">\n\t\t\t\t\t\t\t<i aria-hidden=\"true\" class=\"arrow_right\"><\/i>\t\t\t\t\t\t<\/span>\n\t\t\t\t\t\t\t\t\t\t<span class=\"elementor-icon-list-text\">Agua Potable y Succi\u00f3n Residual<\/span>\n\t\t\t\t\t\t\t\t\t\t\t<\/a>\n\t\t\t\t\t\t\t\t\t<\/li>\n\t\t\t\t\t\t\t\t<li class=\"elementor-icon-list-item\">\n\t\t\t\t\t\t\t\t\t\t\t<a href=\"https:\/\/targetoil.com.mx\/en\/limpieza\/\">\n\n\t\t\t\t\t\t\t\t\t\t\t\t<span class=\"elementor-icon-list-icon\">\n\t\t\t\t\t\t\t<i aria-hidden=\"true\" class=\"arrow_right\"><\/i>\t\t\t\t\t\t<\/span>\n\t\t\t\t\t\t\t\t\t\t<span class=\"elementor-icon-list-text\">Limpieza<\/span>\n\t\t\t\t\t\t\t\t\t\t\t<\/a>\n\t\t\t\t\t\t\t\t\t<\/li>\n\t\t\t\t\t\t<\/ul>\n\t\t\t\t\t\t<\/div>\n\t\t\t\t<\/div>\n\t\t\t\t<\/div>\n\t\t<div class=\"elementor-element elementor-element-15e4b299 e-con-full e-flex e-con e-child\" data-id=\"15e4b299\" data-element_type=\"container\" data-e-type=\"container\">\n\t\t\t\t<div class=\"elementor-element elementor-element-5cef508b elementor-widget elementor-widget-call-to-action\" data-id=\"5cef508b\" data-element_type=\"widget\" data-e-type=\"widget\" data-widget_type=\"call-to-action.default\">\n\t\t\t\t<div class=\"elementor-widget-container\">\n\t\t\t\t\t \t\t\t\t<\/div>\n\t\t\t\t<\/div>\n\t\t\t\t<\/div>\n\t\t<div class=\"elementor-element elementor-element-5b3a5aa7 e-flex e-con-boxed e-con e-child\" data-id=\"5b3a5aa7\" data-element_type=\"container\" data-e-type=\"container\">\n\t\t\t\t\t<div class=\"e-con-inner\">\n\t\t\t\t<div class=\"elementor-element elementor-element-3fdb109a elementor-widget elementor-widget-heading\" data-id=\"3fdb109a\" data-element_type=\"widget\" data-e-type=\"widget\" data-widget_type=\"heading.default\">\n\t\t\t\t<div class=\"elementor-widget-container\">\n\t\t\t\t\t<h4 class=\"elementor-heading-title elementor-size-default\">Redes sociales<\/h4>\t\t\t\t<\/div>\n\t\t\t\t<\/div>\n\t\t\t\t<div class=\"elementor-element elementor-element-6772b3e7 elementor-shape-rounded elementor-grid-0 e-grid-align-center elementor-widget elementor-widget-social-icons\" data-id=\"6772b3e7\" data-element_type=\"widget\" data-e-type=\"widget\" data-widget_type=\"social-icons.default\">\n\t\t\t\t<div class=\"elementor-widget-container\">\n\t\t\t\t\t\t\t<div class=\"elementor-social-icons-wrapper elementor-grid\" role=\"list\">\n\t\t\t\t\t\t\t<span class=\"elementor-grid-item\" role=\"listitem\">\n\t\t\t\t\t<a class=\"elementor-icon elementor-social-icon elementor-social-icon-linkedin-in elementor-animation-shrink elementor-repeater-item-d96618d\" href=\"https:\/\/www.linkedin.com\/company\/target-oil\/\" target=\"_blank\">\n\t\t\t\t\t\t<span class=\"elementor-screen-only\">Linkedin-in<\/span>\n\t\t\t\t\t\t<svg aria-hidden=\"true\" class=\"e-font-icon-svg e-fab-linkedin-in\" viewbox=\"0 0 448 512\" xmlns=\"http:\/\/www.w3.org\/2000\/svg\"><path d=\"M100.28 448H7.4V148.9h92.88zM53.79 108.1C24.09 108.1 0 83.5 0 53.8a53.79 53.79 0 0 1 107.58 0c0 29.7-24.1 54.3-53.79 54.3zM447.9 448h-92.68V302.4c0-34.7-.7-79.2-48.29-79.2-48.29 0-55.69 37.7-55.69 76.7V448h-92.78V148.9h89.08v40.8h1.3c12.4-23.5 42.69-48.3 87.88-48.3 94 0 111.28 61.9 111.28 142.3V448z\"><\/path><\/svg>\t\t\t\t\t<\/a>\n\t\t\t\t<\/span>\n\t\t\t\t\t\t\t<span class=\"elementor-grid-item\" role=\"listitem\">\n\t\t\t\t\t<a class=\"elementor-icon elementor-social-icon elementor-social-icon-whatsapp elementor-animation-shrink elementor-repeater-item-5f46c97\" href=\"https:\/\/chatwith.io\/s\/529931773718\" target=\"_blank\">\n\t\t\t\t\t\t<span class=\"elementor-screen-only\">Whatsapp<\/span>\n\t\t\t\t\t\t<svg aria-hidden=\"true\" class=\"e-font-icon-svg e-fab-whatsapp\" viewbox=\"0 0 448 512\" xmlns=\"http:\/\/www.w3.org\/2000\/svg\"><path d=\"M380.9 97.1C339 55.1 283.2 32 223.9 32c-122.4 0-222 99.6-222 222 0 39.1 10.2 77.3 29.6 111L0 480l117.7-30.9c32.4 17.7 68.9 27 106.1 27h.1c122.3 0 224.1-99.6 224.1-222 0-59.3-25.2-115-67.1-157zm-157 341.6c-33.2 0-65.7-8.9-94-25.7l-6.7-4-69.8 18.3L72 359.2l-4.4-7c-18.5-29.4-28.2-63.3-28.2-98.2 0-101.7 82.8-184.5 184.6-184.5 49.3 0 95.6 19.2 130.4 54.1 34.8 34.9 56.2 81.2 56.1 130.5 0 101.8-84.9 184.6-186.6 184.6zm101.2-138.2c-5.5-2.8-32.8-16.2-37.9-18-5.1-1.9-8.8-2.8-12.5 2.8-3.7 5.6-14.3 18-17.6 21.8-3.2 3.7-6.5 4.2-12 1.4-32.6-16.3-54-29.1-75.5-66-5.7-9.8 5.7-9.1 16.3-30.3 1.8-3.7.9-6.9-.5-9.7-1.4-2.8-12.5-30.1-17.1-41.2-4.5-10.8-9.1-9.3-12.5-9.5-3.2-.2-6.9-.2-10.6-.2-3.7 0-9.7 1.4-14.8 6.9-5.1 5.6-19.4 19-19.4 46.3 0 27.3 19.9 53.7 22.6 57.4 2.8 3.7 39.1 59.7 94.8 83.8 35.2 15.2 49 16.5 66.6 13.9 10.7-1.6 32.8-13.4 37.4-26.4 4.6-13 4.6-24.1 3.2-26.4-1.3-2.5-5-3.9-10.5-6.6z\"><\/path><\/svg>\t\t\t\t\t<\/a>\n\t\t\t\t<\/span>\n\t\t\t\t\t<\/div>\n\t\t\t\t\t\t<\/div>\n\t\t\t\t<\/div>\n\t\t\t\t\t<\/div>\n\t\t\t\t<\/div>\n\t\t\t\t<\/div>\n\t\t<div class=\"elementor-element elementor-element-1042bc2a e-con-full e-flex e-con e-child\" data-id=\"1042bc2a\" data-element_type=\"container\" data-e-type=\"container\">\n\t\t\t\t<div class=\"elementor-element elementor-element-3f0858b0 elementor-widget elementor-widget-image\" data-id=\"3f0858b0\" data-element_type=\"widget\" data-e-type=\"widget\" data-widget_type=\"image.default\">\n\t\t\t\t<div class=\"elementor-widget-container\">\n\t\t\t\t\t\t\t\t\t\t\t\t\t\t\t<img fetchpriority=\"high\" decoding=\"async\" width=\"1280\" height=\"668\" src=\"https:\/\/targetoil.com.mx\/wp-content\/uploads\/2024\/07\/Anadir-un-titulo-6.png\" class=\"attachment-full size-full wp-image-1268\" alt=\"\" srcset=\"https:\/\/targetoil.com.mx\/wp-content\/uploads\/2024\/07\/Anadir-un-titulo-6.png 1280w, https:\/\/targetoil.com.mx\/wp-content\/uploads\/2024\/07\/Anadir-un-titulo-6-300x157.png 300w, https:\/\/targetoil.com.mx\/wp-content\/uploads\/2024\/07\/Anadir-un-titulo-6-1024x534.png 1024w, https:\/\/targetoil.com.mx\/wp-content\/uploads\/2024\/07\/Anadir-un-titulo-6-768x401.png 768w\" sizes=\"(max-width: 1280px) 100vw, 1280px\" \/>\t\t\t\t\t\t\t\t\t\t\t\t\t\t\t<\/div>\n\t\t\t\t<\/div>\n\t\t\t\t<div class=\"elementor-element elementor-element-11f3fd26 elementor-widget elementor-widget-heading\" data-id=\"11f3fd26\" data-element_type=\"widget\" data-e-type=\"widget\" data-widget_type=\"heading.default\">\n\t\t\t\t<div class=\"elementor-widget-container\">\n\t\t\t\t\t<h3 class=\"elementor-heading-title elementor-size-default\">Nuestro servicio de electricidad continua garantiza un suministro ininterrumpido de energ\u00eda el\u00e9ctrica, crucial para las operaciones en la industria petrolera.<\/h3>\t\t\t\t<\/div>\n\t\t\t\t<\/div>\n\t\t\t\t<div class=\"elementor-element elementor-element-7c336b3b elementor-widget__width-initial elementor-widget elementor-widget-text-editor\" data-id=\"7c336b3b\" data-element_type=\"widget\" data-e-type=\"widget\" data-widget_type=\"text-editor.default\">\n\t\t\t\t<div class=\"elementor-widget-container\">\n\t\t\t\t\t\t\t\t\t<ul><li><strong>Llenado Semanal de Diesel<\/strong>: Realizamos el suministro regular de diesel para mantener los generadores en operaci\u00f3n continua.<\/li><\/ul><p>.<\/p>\t\t\t\t\t\t\t\t<\/div>\n\t\t\t\t<\/div>\n\t\t\t\t<div class=\"elementor-element elementor-element-25f67032 elementor-widget__width-initial elementor-widget elementor-widget-text-editor\" data-id=\"25f67032\" data-element_type=\"widget\" data-e-type=\"widget\" data-widget_type=\"text-editor.default\">\n\t\t\t\t<div class=\"elementor-widget-container\">\n\t\t\t\t\t\t\t\t\t<ul><li><strong>Generador El\u00e9ctrico<\/strong>: Proveemos generadores el\u00e9ctricos que ofrecen un suministro constante de electricidad, con mantenimiento preventivo y correctivo para asegurar su funcionamiento \u00f3ptimo.<\/li><\/ul><p>\u00a0<\/p>\t\t\t\t\t\t\t\t<\/div>\n\t\t\t\t<\/div>\n\t\t\t\t<\/div>\n\t\t\t\t\t<\/div>\n\t\t\t\t<\/div>\n\t\t<div class=\"elementor-element elementor-element-7d0702e e-flex e-con-boxed e-con e-parent\" data-id=\"7d0702e\" data-element_type=\"container\" data-e-type=\"container\">\n\t\t\t\t\t<div class=\"e-con-inner\">\n\t\t\t\t<div class=\"elementor-element elementor-element-a85db45 elementor-widget elementor-widget-text-editor\" data-id=\"a85db45\" data-element_type=\"widget\" data-e-type=\"widget\" data-widget_type=\"text-editor.default\">\n\t\t\t\t<div class=\"elementor-widget-container\">\n\t\t\t\t\t\t\t\t\t<h4><strong>Galer\u00eda<\/strong><\/h4><div><strong>\u00a0<\/strong><\/div>\t\t\t\t\t\t\t\t<\/div>\n\t\t\t\t<\/div>\n\t\t\t\t\t<\/div>\n\t\t\t\t<\/div>\n\t\t<div class=\"elementor-element elementor-element-f2066e4 e-flex e-con-boxed e-con e-parent\" data-id=\"f2066e4\" data-element_type=\"container\" data-e-type=\"container\">\n\t\t\t\t\t<div class=\"e-con-inner\">\n\t\t\t\t<div class=\"elementor-element elementor-element-5ade899 elementor-widget elementor-widget-image-gallery\" data-id=\"5ade899\" data-element_type=\"widget\" data-e-type=\"widget\" data-widget_type=\"image-gallery.default\">\n\t\t\t\t<div class=\"elementor-widget-container\">\n\t\t\t\t\t\t\t<div class=\"elementor-image-gallery\">\n\t\t\t<div id='gallery-1' class='gallery galleryid-478 gallery-columns-2 gallery-size-large'><figure class='gallery-item'>\n\t\t\t<div class='gallery-icon portrait'>\n\t\t\t\t<a data-elementor-open-lightbox=\"yes\" data-elementor-lightbox-slideshow=\"5ade899\" data-elementor-lightbox-title=\"Imagen de WhatsApp 2023-07-31 a las 18.15.446\" data-e-action-hash=\"#elementor-action%3Aaction%3Dlightbox%26settings%3DeyJpZCI6MTE5MCwidXJsIjoiaHR0cHM6XC9cL3RhcmdldG9pbC5jb20ubXhcL3dwLWNvbnRlbnRcL3VwbG9hZHNcLzIwMjRcLzA3XC9JbWFnZW4tZGUtV2hhdHNBcHAtMjAyMy0wNy0zMS1hLWxhcy0xOC4xNS40NDYuanBnIiwic2xpZGVzaG93IjoiNWFkZTg5OSJ9\" href='https:\/\/targetoil.com.mx\/wp-content\/uploads\/2024\/07\/Imagen-de-WhatsApp-2023-07-31-a-las-18.15.446.jpg'><img decoding=\"async\" width=\"768\" height=\"1024\" src=\"https:\/\/targetoil.com.mx\/wp-content\/uploads\/2024\/07\/Imagen-de-WhatsApp-2023-07-31-a-las-18.15.446-768x1024.jpg\" class=\"attachment-large size-large\" alt=\"\" srcset=\"https:\/\/targetoil.com.mx\/wp-content\/uploads\/2024\/07\/Imagen-de-WhatsApp-2023-07-31-a-las-18.15.446-768x1024.jpg 768w, https:\/\/targetoil.com.mx\/wp-content\/uploads\/2024\/07\/Imagen-de-WhatsApp-2023-07-31-a-las-18.15.446-225x300.jpg 225w, https:\/\/targetoil.com.mx\/wp-content\/uploads\/2024\/07\/Imagen-de-WhatsApp-2023-07-31-a-las-18.15.446.jpg 960w\" sizes=\"(max-width: 768px) 100vw, 768px\" \/><\/a>\n\t\t\t<\/div><\/figure><figure class='gallery-item'>\n\t\t\t<div class='gallery-icon portrait'>\n\t\t\t\t<a data-elementor-open-lightbox=\"yes\" data-elementor-lightbox-slideshow=\"5ade899\" data-elementor-lightbox-title=\"a5f9c65f-3557-48dd-9d0d-92fdf20b36e0\" data-e-action-hash=\"#elementor-action%3Aaction%3Dlightbox%26settings%3DeyJpZCI6MTE4OCwidXJsIjoiaHR0cHM6XC9cL3RhcmdldG9pbC5jb20ubXhcL3dwLWNvbnRlbnRcL3VwbG9hZHNcLzIwMjRcLzA3XC9hNWY5YzY1Zi0zNTU3LTQ4ZGQtOWQwZC05MmZkZjIwYjM2ZTAuanBnIiwic2xpZGVzaG93IjoiNWFkZTg5OSJ9\" href='https:\/\/targetoil.com.mx\/wp-content\/uploads\/2024\/07\/a5f9c65f-3557-48dd-9d0d-92fdf20b36e0.jpg'><img decoding=\"async\" width=\"768\" height=\"1024\" src=\"https:\/\/targetoil.com.mx\/wp-content\/uploads\/2024\/07\/a5f9c65f-3557-48dd-9d0d-92fdf20b36e0-768x1024.jpg\" class=\"attachment-large size-large\" alt=\"\" srcset=\"https:\/\/targetoil.com.mx\/wp-content\/uploads\/2024\/07\/a5f9c65f-3557-48dd-9d0d-92fdf20b36e0-768x1024.jpg 768w, https:\/\/targetoil.com.mx\/wp-content\/uploads\/2024\/07\/a5f9c65f-3557-48dd-9d0d-92fdf20b36e0-225x300.jpg 225w, https:\/\/targetoil.com.mx\/wp-content\/uploads\/2024\/07\/a5f9c65f-3557-48dd-9d0d-92fdf20b36e0.jpg 960w\" sizes=\"(max-width: 768px) 100vw, 768px\" \/><\/a>\n\t\t\t<\/div><\/figure>\n\t\t<\/div>\n\t\t<\/div>\n\t\t\t\t\t\t<\/div>\n\t\t\t\t<\/div>\n\t\t\t\t\t<\/div>\n\t\t\t\t<\/div>\n\t\t\t\t<\/div>","protected":false},"excerpt":{"rendered":"<p>Electricidad Continua Otros Servicios Servicio Habitacional Servicio de Cocina, Comedor y Lavander\u00eda Servicio de Oficina e Inernet Electricidad Continua Agua Potable y Succi\u00f3n Residual Limpieza Estamos listos para colaborar Cotizaci\u00f3n Redes sociales Linkedin-in Whatsapp Nuestro servicio de electricidad continua garantiza un suministro ininterrumpido de energ\u00eda el\u00e9ctrica, crucial para las operaciones en la industria petrolera. Llenado [&hellip;]<\/p>\n","protected":false},"author":1,"featured_media":0,"parent":0,"menu_order":0,"comment_status":"closed","ping_status":"closed","template":"elementor_header_footer","meta":{"_coblocks_attr":"","_coblocks_dimensions":"","_coblocks_responsive_height":"","_coblocks_accordion_ie_support":"","footnotes":""},"class_list":["post-478","page","type-page","status-publish","hentry"],"yoast_head":"<!-- This site is optimized with the Yoast SEO plugin v25.3 - https:\/\/yoast.com\/wordpress\/plugins\/seo\/ -->\n<title>Electricidad Continua - Target Oil Services<\/title>\n<meta name=\"description\" content=\"Nuestro servicio de electricidad continua garantiza un suministro ininterrumpido de energ\u00eda el\u00e9ctrica.\" \/>\n<meta name=\"robots\" content=\"index, follow, max-snippet:-1, max-image-preview:large, max-video-preview:-1\" \/>\n<link rel=\"canonical\" href=\"https:\/\/targetoil.com.mx\/en\/electricidad-continua\/\" \/>\n<meta property=\"og:locale\" content=\"en_US\" \/>\n<meta property=\"og:type\" content=\"article\" \/>\n<meta property=\"og:title\" content=\"Electricidad Continua - Target Oil Services\" \/>\n<meta property=\"og:description\" content=\"Nuestro servicio de electricidad continua garantiza un suministro ininterrumpido de energ\u00eda el\u00e9ctrica.\" \/>\n<meta property=\"og:url\" content=\"https:\/\/targetoil.com.mx\/en\/electricidad-continua\/\" \/>\n<meta property=\"og:site_name\" content=\"Target Oil Services\" \/>\n<meta property=\"article:modified_time\" content=\"2024-08-04T16:02:06+00:00\" \/>\n<meta property=\"og:image\" content=\"https:\/\/targetoil.com.mx\/wp-content\/uploads\/2024\/07\/Anadir-un-titulo-6.png\" \/>\n<meta name=\"twitter:card\" content=\"summary_large_image\" \/>\n<meta name=\"twitter:label1\" content=\"Est. reading time\" \/>\n\t<meta name=\"twitter:data1\" content=\"2 minutes\" \/>\n<script type=\"application\/ld+json\" class=\"yoast-schema-graph\">{\"@context\":\"https:\/\/schema.org\",\"@graph\":[{\"@type\":\"WebPage\",\"@id\":\"https:\/\/targetoil.com.mx\/electricidad-continua\/\",\"url\":\"https:\/\/targetoil.com.mx\/electricidad-continua\/\",\"name\":\"Electricidad Continua - Target Oil Services\",\"isPartOf\":{\"@id\":\"https:\/\/targetoil.com.mx\/#website\"},\"primaryImageOfPage\":{\"@id\":\"https:\/\/targetoil.com.mx\/electricidad-continua\/#primaryimage\"},\"image\":{\"@id\":\"https:\/\/targetoil.com.mx\/electricidad-continua\/#primaryimage\"},\"thumbnailUrl\":\"https:\/\/targetoil.com.mx\/wp-content\/uploads\/2024\/07\/Anadir-un-titulo-6.png\",\"datePublished\":\"2024-06-05T17:56:29+00:00\",\"dateModified\":\"2024-08-04T16:02:06+00:00\",\"description\":\"Nuestro servicio de electricidad continua garantiza un suministro ininterrumpido de energ\u00eda el\u00e9ctrica.\",\"breadcrumb\":{\"@id\":\"https:\/\/targetoil.com.mx\/electricidad-continua\/#breadcrumb\"},\"inLanguage\":\"en-US\",\"potentialAction\":[{\"@type\":\"ReadAction\",\"target\":[\"https:\/\/targetoil.com.mx\/electricidad-continua\/\"]}]},{\"@type\":\"ImageObject\",\"inLanguage\":\"en-US\",\"@id\":\"https:\/\/targetoil.com.mx\/electricidad-continua\/#primaryimage\",\"url\":\"https:\/\/targetoil.com.mx\/wp-content\/uploads\/2024\/07\/Anadir-un-titulo-6.png\",\"contentUrl\":\"https:\/\/targetoil.com.mx\/wp-content\/uploads\/2024\/07\/Anadir-un-titulo-6.png\"},{\"@type\":\"BreadcrumbList\",\"@id\":\"https:\/\/targetoil.com.mx\/electricidad-continua\/#breadcrumb\",\"itemListElement\":[{\"@type\":\"ListItem\",\"position\":1,\"name\":\"Home\",\"item\":\"https:\/\/targetoil.com.mx\/\"},{\"@type\":\"ListItem\",\"position\":2,\"name\":\"Electricidad Continua\"}]},{\"@type\":\"WebSite\",\"@id\":\"https:\/\/targetoil.com.mx\/#website\",\"url\":\"https:\/\/targetoil.com.mx\/\",\"name\":\"Target Oil Services\",\"description\":\"\",\"publisher\":{\"@id\":\"https:\/\/targetoil.com.mx\/#organization\"},\"alternateName\":\"Target Oil\",\"potentialAction\":[{\"@type\":\"SearchAction\",\"target\":{\"@type\":\"EntryPoint\",\"urlTemplate\":\"https:\/\/targetoil.com.mx\/?s={search_term_string}\"},\"query-input\":{\"@type\":\"PropertyValueSpecification\",\"valueRequired\":true,\"valueName\":\"search_term_string\"}}],\"inLanguage\":\"en-US\"},{\"@type\":\"Organization\",\"@id\":\"https:\/\/targetoil.com.mx\/#organization\",\"name\":\"Target Oil Services\",\"url\":\"https:\/\/targetoil.com.mx\/\",\"logo\":{\"@type\":\"ImageObject\",\"inLanguage\":\"en-US\",\"@id\":\"https:\/\/targetoil.com.mx\/#\/schema\/logo\/image\/\",\"url\":\"https:\/\/targetoil.com.mx\/wp-content\/uploads\/2024\/05\/Mesa-de-trabajo-1-copia-16@4x-8.png\",\"contentUrl\":\"https:\/\/targetoil.com.mx\/wp-content\/uploads\/2024\/05\/Mesa-de-trabajo-1-copia-16@4x-8.png\",\"width\":675,\"height\":590,\"caption\":\"Target Oil Services\"},\"image\":{\"@id\":\"https:\/\/targetoil.com.mx\/#\/schema\/logo\/image\/\"},\"sameAs\":[\"https:\/\/www.linkedin.com\/company\/target-oil\/\"]}]}<\/script>\n<!-- \/ Yoast SEO plugin. -->","yoast_head_json":{"title":"Electricidad Continua - Target Oil Services","description":"Nuestro servicio de electricidad continua garantiza un suministro ininterrumpido de energ\u00eda el\u00e9ctrica.","robots":{"index":"index","follow":"follow","max-snippet":"max-snippet:-1","max-image-preview":"max-image-preview:large","max-video-preview":"max-video-preview:-1"},"canonical":"https:\/\/targetoil.com.mx\/en\/electricidad-continua\/","og_locale":"en_US","og_type":"article","og_title":"Electricidad Continua - Target Oil Services","og_description":"Nuestro servicio de electricidad continua garantiza un suministro ininterrumpido de energ\u00eda el\u00e9ctrica.","og_url":"https:\/\/targetoil.com.mx\/en\/electricidad-continua\/","og_site_name":"Target Oil Services","article_modified_time":"2024-08-04T16:02:06+00:00","og_image":[{"url":"https:\/\/targetoil.com.mx\/wp-content\/uploads\/2024\/07\/Anadir-un-titulo-6.png","type":"","width":"","height":""}],"twitter_card":"summary_large_image","twitter_misc":{"Est. reading time":"2 minutes"},"schema":{"@context":"https:\/\/schema.org","@graph":[{"@type":"WebPage","@id":"https:\/\/targetoil.com.mx\/electricidad-continua\/","url":"https:\/\/targetoil.com.mx\/electricidad-continua\/","name":"Electricidad Continua - Target Oil Services","isPartOf":{"@id":"https:\/\/targetoil.com.mx\/#website"},"primaryImageOfPage":{"@id":"https:\/\/targetoil.com.mx\/electricidad-continua\/#primaryimage"},"image":{"@id":"https:\/\/targetoil.com.mx\/electricidad-continua\/#primaryimage"},"thumbnailUrl":"https:\/\/targetoil.com.mx\/wp-content\/uploads\/2024\/07\/Anadir-un-titulo-6.png","datePublished":"2024-06-05T17:56:29+00:00","dateModified":"2024-08-04T16:02:06+00:00","description":"Nuestro servicio de electricidad continua garantiza un suministro ininterrumpido de energ\u00eda el\u00e9ctrica.","breadcrumb":{"@id":"https:\/\/targetoil.com.mx\/electricidad-continua\/#breadcrumb"},"inLanguage":"en-US","potentialAction":[{"@type":"ReadAction","target":["https:\/\/targetoil.com.mx\/electricidad-continua\/"]}]},{"@type":"ImageObject","inLanguage":"en-US","@id":"https:\/\/targetoil.com.mx\/electricidad-continua\/#primaryimage","url":"https:\/\/targetoil.com.mx\/wp-content\/uploads\/2024\/07\/Anadir-un-titulo-6.png","contentUrl":"https:\/\/targetoil.com.mx\/wp-content\/uploads\/2024\/07\/Anadir-un-titulo-6.png"},{"@type":"BreadcrumbList","@id":"https:\/\/targetoil.com.mx\/electricidad-continua\/#breadcrumb","itemListElement":[{"@type":"ListItem","position":1,"name":"Home","item":"https:\/\/targetoil.com.mx\/"},{"@type":"ListItem","position":2,"name":"Electricidad Continua"}]},{"@type":"WebSite","@id":"https:\/\/targetoil.com.mx\/#website","url":"https:\/\/targetoil.com.mx\/","name":"Target Oil Services","description":"","publisher":{"@id":"https:\/\/targetoil.com.mx\/#organization"},"alternateName":"Target Oil","potentialAction":[{"@type":"SearchAction","target":{"@type":"EntryPoint","urlTemplate":"https:\/\/targetoil.com.mx\/?s={search_term_string}"},"query-input":{"@type":"PropertyValueSpecification","valueRequired":true,"valueName":"search_term_string"}}],"inLanguage":"en-US"},{"@type":"Organization","@id":"https:\/\/targetoil.com.mx\/#organization","name":"Target Oil Services","url":"https:\/\/targetoil.com.mx\/","logo":{"@type":"ImageObject","inLanguage":"en-US","@id":"https:\/\/targetoil.com.mx\/#\/schema\/logo\/image\/","url":"https:\/\/targetoil.com.mx\/wp-content\/uploads\/2024\/05\/Mesa-de-trabajo-1-copia-16@4x-8.png","contentUrl":"https:\/\/targetoil.com.mx\/wp-content\/uploads\/2024\/05\/Mesa-de-trabajo-1-copia-16@4x-8.png","width":675,"height":590,"caption":"Target Oil Services"},"image":{"@id":"https:\/\/targetoil.com.mx\/#\/schema\/logo\/image\/"},"sameAs":["https:\/\/www.linkedin.com\/company\/target-oil\/"]}]}},"_links":{"self":[{"href":"https:\/\/targetoil.com.mx\/en\/wp-json\/wp\/v2\/pages\/478","targetHints":{"allow":["GET"]}}],"collection":[{"href":"https:\/\/targetoil.com.mx\/en\/wp-json\/wp\/v2\/pages"}],"about":[{"href":"https:\/\/targetoil.com.mx\/en\/wp-json\/wp\/v2\/types\/page"}],"author":[{"embeddable":true,"href":"https:\/\/targetoil.com.mx\/en\/wp-json\/wp\/v2\/users\/1"}],"replies":[{"embeddable":true,"href":"https:\/\/targetoil.com.mx\/en\/wp-json\/wp\/v2\/comments?post=478"}],"version-history":[{"count":64,"href":"https:\/\/targetoil.com.mx\/en\/wp-json\/wp\/v2\/pages\/478\/revisions"}],"predecessor-version":[{"id":2116,"href":"https:\/\/targetoil.com.mx\/en\/wp-json\/wp\/v2\/pages\/478\/revisions\/2116"}],"wp:attachment":[{"href":"https:\/\/targetoil.com.mx\/en\/wp-json\/wp\/v2\/media?parent=478"}],"curies":[{"name":"wp","href":"https:\/\/api.w.org\/{rel}","templated":true}]}}