{"id":2418,"date":"2025-07-17T14:57:39","date_gmt":"2025-07-17T14:57:39","guid":{"rendered":"https:\/\/targetoil.com.mx\/?page_id=2418"},"modified":"2025-07-17T15:08:24","modified_gmt":"2025-07-17T15:08:24","slug":"politica-del-sistema-de-gestion-integral","status":"publish","type":"page","link":"https:\/\/targetoil.com.mx\/en\/politica-del-sistema-de-gestion-integral\/","title":{"rendered":"Pol\u00edtica del Sistema de Gesti\u00f3n Integral"},"content":{"rendered":"<div data-elementor-type=\"wp-page\" data-elementor-id=\"2418\" class=\"elementor elementor-2418\">\n\t\t\t\t<div class=\"elementor-element elementor-element-58ad9504 e-flex e-con-boxed e-con e-parent\" data-id=\"58ad9504\" data-element_type=\"container\" data-e-type=\"container\" data-settings=\"{&quot;background_background&quot;:&quot;classic&quot;}\">\n\t\t\t\t\t<div class=\"e-con-inner\">\n\t\t\t\t<div class=\"elementor-element elementor-element-23c909f1 elementor-widget elementor-widget-elementskit-heading\" data-id=\"23c909f1\" data-element_type=\"widget\" data-e-type=\"widget\" data-widget_type=\"elementskit-heading.default\">\n\t\t\t\t<div class=\"elementor-widget-container\">\n\t\t\t\t\t<div class=\"ekit-wid-con\" ><div class=\"ekit-heading elementskit-section-title-wraper text_center   ekit_heading_tablet-   ekit_heading_mobile-\"><h2 class=\"ekit-heading--title elementskit-section-title\">Pol\u00edtica del Sistema de Gesti\u00f3n Integral<\/h2><div class=\"ekit_heading_separetor_wraper ekit_heading_elementskit-border-divider elementskit-style-long\"><div class=\"elementskit-border-divider elementskit-style-long\"><\/div><\/div><h2 class=\"ekit-heading--subtitle elementskit-section-subtitle\">\n\t\t\t\t\t\tEn TARGET OIL nos distinguimos por ser una compa\u00f1\u00eda prestadora de servicios de renta de tr\u00e1iler habitacional y avituallamiento, Estudios y servicios de ingenier\u00eda especializada y servicios de buceo especializado en apoyo a la perforaci\u00f3n.\n\t\t\t\t\t<\/h2>\t\t\t\t<div class='ekit-heading__description'>\n\t\t\t\t\t<p class=\"p2\">Nuestros principios y compromisos se enumeran en los siguientes puntos:<\/p>\n<p class=\"p2\">\u2022 Tenemos el firme compromiso de cumplir con lo dispuesto en la normativa legal, con los requerimientos de nuestros clientes y de nuestras partes interesadas.<\/p>\n<p class=\"p2\">\u2022 Realizamos nuestros servicios con los m\u00e1s altos est\u00e1ndares de calidad, estableci\u00e9ndonos objetivos de mejora continua al evaluar nuestros procesos claves con un periodo m\u00ednimo anual como lo dispone la NORMA INTERNACIONAL ISO 9001:2015<\/p>\n<p class=\"p2\">\u2022 Establecemos sistemas adecuados para prevenir la contaminaci\u00f3n y gestionar los recursos de forma eficiente cumpliendo con los compromisos para minimizar el impacto del cambio clim\u00e1tico demostrando nuestra responsabilidad con la sociedad con los puntos de la NORMA INTERNACIONAL ISO 14001:2015<\/p>\n<p class=\"p2\">\u2022 Gestionamos los riesgos inherentes a las operaciones y proveemos una infraestructura adecuada y segura para el desarrollo de los proyectos cumpliendo con lo que dispone la<\/p>\n<p class=\"p2\">NORMA INTERNACIONAL ISO 45001:2018<\/p>\n<p class=\"p2\">Todos los que colaboramos en TARGET OIL cumplimos con lo dispuesto en la presente pol\u00edtica la cual es difundida a todas nuestras partes interesadas.<\/p>\n\t\t\t\t<\/div>\n\t\t\t<\/div><\/div>\t\t\t\t<\/div>\n\t\t\t\t<\/div>\n\t\t\t\t\t<\/div>\n\t\t\t\t<\/div>\n\t\t<div class=\"elementor-element elementor-element-91238e8 e-grid e-con-boxed e-con e-parent\" data-id=\"91238e8\" data-element_type=\"container\" data-e-type=\"container\">\n\t\t\t\t\t<div class=\"e-con-inner\">\n\t\t\t\t<div class=\"elementor-element elementor-element-a08cf31 elementor-widget elementor-widget-image\" data-id=\"a08cf31\" data-element_type=\"widget\" data-e-type=\"widget\" data-widget_type=\"image.default\">\n\t\t\t\t<div class=\"elementor-widget-container\">\n\t\t\t\t\t\t\t\t\t\t\t\t\t\t\t<img fetchpriority=\"high\" decoding=\"async\" width=\"800\" height=\"534\" src=\"https:\/\/targetoil.com.mx\/wp-content\/uploads\/2025\/07\/dos-hombre-de-negocios-que-analiza-el-informe-de-negocios-en-el-escritorio-blanco-1024x683.jpg\" class=\"attachment-large size-large wp-image-2421\" alt=\"\" srcset=\"https:\/\/targetoil.com.mx\/wp-content\/uploads\/2025\/07\/dos-hombre-de-negocios-que-analiza-el-informe-de-negocios-en-el-escritorio-blanco-1024x683.jpg 1024w, https:\/\/targetoil.com.mx\/wp-content\/uploads\/2025\/07\/dos-hombre-de-negocios-que-analiza-el-informe-de-negocios-en-el-escritorio-blanco-300x200.jpg 300w, https:\/\/targetoil.com.mx\/wp-content\/uploads\/2025\/07\/dos-hombre-de-negocios-que-analiza-el-informe-de-negocios-en-el-escritorio-blanco-768x512.jpg 768w, https:\/\/targetoil.com.mx\/wp-content\/uploads\/2025\/07\/dos-hombre-de-negocios-que-analiza-el-informe-de-negocios-en-el-escritorio-blanco-1536x1024.jpg 1536w, https:\/\/targetoil.com.mx\/wp-content\/uploads\/2025\/07\/dos-hombre-de-negocios-que-analiza-el-informe-de-negocios-en-el-escritorio-blanco-2048x1365.jpg 2048w, https:\/\/targetoil.com.mx\/wp-content\/uploads\/2025\/07\/dos-hombre-de-negocios-que-analiza-el-informe-de-negocios-en-el-escritorio-blanco-18x12.jpg 18w\" sizes=\"(max-width: 800px) 100vw, 800px\" \/>\t\t\t\t\t\t\t\t\t\t\t\t\t\t\t<\/div>\n\t\t\t\t<\/div>\n\t\t\t\t<div class=\"elementor-element elementor-element-81e17b7 elementor-widget elementor-widget-image\" data-id=\"81e17b7\" data-element_type=\"widget\" data-e-type=\"widget\" data-widget_type=\"image.default\">\n\t\t\t\t<div class=\"elementor-widget-container\">\n\t\t\t\t\t\t\t\t\t\t\t\t\t\t\t<img decoding=\"async\" width=\"800\" height=\"534\" src=\"https:\/\/targetoil.com.mx\/wp-content\/uploads\/2025\/07\/dos-colegas-en-una-fabrica-1024x683.jpg\" class=\"attachment-large size-large wp-image-2422\" alt=\"\" srcset=\"https:\/\/targetoil.com.mx\/wp-content\/uploads\/2025\/07\/dos-colegas-en-una-fabrica-1024x683.jpg 1024w, https:\/\/targetoil.com.mx\/wp-content\/uploads\/2025\/07\/dos-colegas-en-una-fabrica-300x200.jpg 300w, https:\/\/targetoil.com.mx\/wp-content\/uploads\/2025\/07\/dos-colegas-en-una-fabrica-768x512.jpg 768w, https:\/\/targetoil.com.mx\/wp-content\/uploads\/2025\/07\/dos-colegas-en-una-fabrica-1536x1024.jpg 1536w, https:\/\/targetoil.com.mx\/wp-content\/uploads\/2025\/07\/dos-colegas-en-una-fabrica-2048x1365.jpg 2048w, https:\/\/targetoil.com.mx\/wp-content\/uploads\/2025\/07\/dos-colegas-en-una-fabrica-18x12.jpg 18w\" sizes=\"(max-width: 800px) 100vw, 800px\" \/>\t\t\t\t\t\t\t\t\t\t\t\t\t\t\t<\/div>\n\t\t\t\t<\/div>\n\t\t\t\t\t<\/div>\n\t\t\t\t<\/div>\n\t\t\t\t<\/div>","protected":false},"excerpt":{"rendered":"<p>Pol\u00edtica del Sistema de Gesti\u00f3n Integral En TARGET OIL nos distinguimos por ser una compa\u00f1\u00eda prestadora de servicios de renta de tr\u00e1iler habitacional y avituallamiento, Estudios y servicios de ingenier\u00eda especializada y servicios de buceo especializado en apoyo a la perforaci\u00f3n. Nuestros principios y compromisos se enumeran en los siguientes puntos: \u2022 Tenemos el firme [&hellip;]<\/p>\n","protected":false},"author":1,"featured_media":0,"parent":0,"menu_order":0,"comment_status":"closed","ping_status":"closed","template":"","meta":{"_coblocks_attr":"","_coblocks_dimensions":"","_coblocks_responsive_height":"","_coblocks_accordion_ie_support":"","footnotes":""},"class_list":["post-2418","page","type-page","status-publish","hentry"],"yoast_head":"<!-- This site is optimized with the Yoast SEO plugin v25.3 - https:\/\/yoast.com\/wordpress\/plugins\/seo\/ -->\n<title>Pol\u00edtica del Sistema de Gesti\u00f3n Integral - Target Oil Services<\/title>\n<meta name=\"robots\" content=\"index, follow, max-snippet:-1, max-image-preview:large, max-video-preview:-1\" \/>\n<link rel=\"canonical\" href=\"https:\/\/targetoil.com.mx\/en\/politica-del-sistema-de-gestion-integral\/\" \/>\n<meta property=\"og:locale\" content=\"en_US\" \/>\n<meta property=\"og:type\" content=\"article\" \/>\n<meta property=\"og:title\" content=\"Pol\u00edtica del Sistema de Gesti\u00f3n Integral - Target Oil Services\" \/>\n<meta property=\"og:description\" content=\"Pol\u00edtica del Sistema de Gesti\u00f3n Integral En TARGET OIL nos distinguimos por ser una compa\u00f1\u00eda prestadora de servicios de renta de tr\u00e1iler habitacional y avituallamiento, Estudios y servicios de ingenier\u00eda especializada y servicios de buceo especializado en apoyo a la perforaci\u00f3n. Nuestros principios y compromisos se enumeran en los siguientes puntos: \u2022 Tenemos el firme [&hellip;]\" \/>\n<meta property=\"og:url\" content=\"https:\/\/targetoil.com.mx\/en\/politica-del-sistema-de-gestion-integral\/\" \/>\n<meta property=\"og:site_name\" content=\"Target Oil Services\" \/>\n<meta property=\"article:modified_time\" content=\"2025-07-17T15:08:24+00:00\" \/>\n<meta property=\"og:image\" content=\"https:\/\/targetoil.com.mx\/wp-content\/uploads\/2025\/07\/dos-hombre-de-negocios-que-analiza-el-informe-de-negocios-en-el-escritorio-blanco-scaled.jpg\" \/>\n\t<meta property=\"og:image:width\" content=\"2560\" \/>\n\t<meta property=\"og:image:height\" content=\"1707\" \/>\n\t<meta property=\"og:image:type\" content=\"image\/jpeg\" \/>\n<meta name=\"twitter:card\" content=\"summary_large_image\" \/>\n<meta name=\"twitter:label1\" content=\"Est. reading time\" \/>\n\t<meta name=\"twitter:data1\" content=\"2 minutes\" \/>\n<script type=\"application\/ld+json\" class=\"yoast-schema-graph\">{\"@context\":\"https:\/\/schema.org\",\"@graph\":[{\"@type\":\"WebPage\",\"@id\":\"https:\/\/targetoil.com.mx\/politica-del-sistema-de-gestion-integral\/\",\"url\":\"https:\/\/targetoil.com.mx\/politica-del-sistema-de-gestion-integral\/\",\"name\":\"Pol\u00edtica del Sistema de Gesti\u00f3n Integral - Target Oil Services\",\"isPartOf\":{\"@id\":\"https:\/\/targetoil.com.mx\/#website\"},\"primaryImageOfPage\":{\"@id\":\"https:\/\/targetoil.com.mx\/politica-del-sistema-de-gestion-integral\/#primaryimage\"},\"image\":{\"@id\":\"https:\/\/targetoil.com.mx\/politica-del-sistema-de-gestion-integral\/#primaryimage\"},\"thumbnailUrl\":\"https:\/\/targetoil.com.mx\/wp-content\/uploads\/2025\/07\/dos-hombre-de-negocios-que-analiza-el-informe-de-negocios-en-el-escritorio-blanco-1024x683.jpg\",\"datePublished\":\"2025-07-17T14:57:39+00:00\",\"dateModified\":\"2025-07-17T15:08:24+00:00\",\"breadcrumb\":{\"@id\":\"https:\/\/targetoil.com.mx\/politica-del-sistema-de-gestion-integral\/#breadcrumb\"},\"inLanguage\":\"en-US\",\"potentialAction\":[{\"@type\":\"ReadAction\",\"target\":[\"https:\/\/targetoil.com.mx\/politica-del-sistema-de-gestion-integral\/\"]}]},{\"@type\":\"ImageObject\",\"inLanguage\":\"en-US\",\"@id\":\"https:\/\/targetoil.com.mx\/politica-del-sistema-de-gestion-integral\/#primaryimage\",\"url\":\"https:\/\/targetoil.com.mx\/wp-content\/uploads\/2025\/07\/dos-hombre-de-negocios-que-analiza-el-informe-de-negocios-en-el-escritorio-blanco-1024x683.jpg\",\"contentUrl\":\"https:\/\/targetoil.com.mx\/wp-content\/uploads\/2025\/07\/dos-hombre-de-negocios-que-analiza-el-informe-de-negocios-en-el-escritorio-blanco-1024x683.jpg\"},{\"@type\":\"BreadcrumbList\",\"@id\":\"https:\/\/targetoil.com.mx\/politica-del-sistema-de-gestion-integral\/#breadcrumb\",\"itemListElement\":[{\"@type\":\"ListItem\",\"position\":1,\"name\":\"Home\",\"item\":\"https:\/\/targetoil.com.mx\/\"},{\"@type\":\"ListItem\",\"position\":2,\"name\":\"Pol\u00edtica del Sistema de Gesti\u00f3n Integral\"}]},{\"@type\":\"WebSite\",\"@id\":\"https:\/\/targetoil.com.mx\/#website\",\"url\":\"https:\/\/targetoil.com.mx\/\",\"name\":\"Target Oil Services\",\"description\":\"\",\"publisher\":{\"@id\":\"https:\/\/targetoil.com.mx\/#organization\"},\"alternateName\":\"Target Oil\",\"potentialAction\":[{\"@type\":\"SearchAction\",\"target\":{\"@type\":\"EntryPoint\",\"urlTemplate\":\"https:\/\/targetoil.com.mx\/?s={search_term_string}\"},\"query-input\":{\"@type\":\"PropertyValueSpecification\",\"valueRequired\":true,\"valueName\":\"search_term_string\"}}],\"inLanguage\":\"en-US\"},{\"@type\":\"Organization\",\"@id\":\"https:\/\/targetoil.com.mx\/#organization\",\"name\":\"Target Oil Services\",\"url\":\"https:\/\/targetoil.com.mx\/\",\"logo\":{\"@type\":\"ImageObject\",\"inLanguage\":\"en-US\",\"@id\":\"https:\/\/targetoil.com.mx\/#\/schema\/logo\/image\/\",\"url\":\"https:\/\/targetoil.com.mx\/wp-content\/uploads\/2024\/05\/Mesa-de-trabajo-1-copia-16@4x-8.png\",\"contentUrl\":\"https:\/\/targetoil.com.mx\/wp-content\/uploads\/2024\/05\/Mesa-de-trabajo-1-copia-16@4x-8.png\",\"width\":675,\"height\":590,\"caption\":\"Target Oil Services\"},\"image\":{\"@id\":\"https:\/\/targetoil.com.mx\/#\/schema\/logo\/image\/\"},\"sameAs\":[\"https:\/\/www.linkedin.com\/company\/target-oil\/\"]}]}<\/script>\n<!-- \/ Yoast SEO plugin. -->","yoast_head_json":{"title":"Pol\u00edtica del Sistema de Gesti\u00f3n Integral - Target Oil Services","robots":{"index":"index","follow":"follow","max-snippet":"max-snippet:-1","max-image-preview":"max-image-preview:large","max-video-preview":"max-video-preview:-1"},"canonical":"https:\/\/targetoil.com.mx\/en\/politica-del-sistema-de-gestion-integral\/","og_locale":"en_US","og_type":"article","og_title":"Pol\u00edtica del Sistema de Gesti\u00f3n Integral - Target Oil Services","og_description":"Pol\u00edtica del Sistema de Gesti\u00f3n Integral En TARGET OIL nos distinguimos por ser una compa\u00f1\u00eda prestadora de servicios de renta de tr\u00e1iler habitacional y avituallamiento, Estudios y servicios de ingenier\u00eda especializada y servicios de buceo especializado en apoyo a la perforaci\u00f3n. Nuestros principios y compromisos se enumeran en los siguientes puntos: \u2022 Tenemos el firme [&hellip;]","og_url":"https:\/\/targetoil.com.mx\/en\/politica-del-sistema-de-gestion-integral\/","og_site_name":"Target Oil Services","article_modified_time":"2025-07-17T15:08:24+00:00","og_image":[{"width":2560,"height":1707,"url":"https:\/\/targetoil.com.mx\/wp-content\/uploads\/2025\/07\/dos-hombre-de-negocios-que-analiza-el-informe-de-negocios-en-el-escritorio-blanco-scaled.jpg","type":"image\/jpeg"}],"twitter_card":"summary_large_image","twitter_misc":{"Est. reading time":"2 minutes"},"schema":{"@context":"https:\/\/schema.org","@graph":[{"@type":"WebPage","@id":"https:\/\/targetoil.com.mx\/politica-del-sistema-de-gestion-integral\/","url":"https:\/\/targetoil.com.mx\/politica-del-sistema-de-gestion-integral\/","name":"Pol\u00edtica del Sistema de Gesti\u00f3n Integral - Target Oil Services","isPartOf":{"@id":"https:\/\/targetoil.com.mx\/#website"},"primaryImageOfPage":{"@id":"https:\/\/targetoil.com.mx\/politica-del-sistema-de-gestion-integral\/#primaryimage"},"image":{"@id":"https:\/\/targetoil.com.mx\/politica-del-sistema-de-gestion-integral\/#primaryimage"},"thumbnailUrl":"https:\/\/targetoil.com.mx\/wp-content\/uploads\/2025\/07\/dos-hombre-de-negocios-que-analiza-el-informe-de-negocios-en-el-escritorio-blanco-1024x683.jpg","datePublished":"2025-07-17T14:57:39+00:00","dateModified":"2025-07-17T15:08:24+00:00","breadcrumb":{"@id":"https:\/\/targetoil.com.mx\/politica-del-sistema-de-gestion-integral\/#breadcrumb"},"inLanguage":"en-US","potentialAction":[{"@type":"ReadAction","target":["https:\/\/targetoil.com.mx\/politica-del-sistema-de-gestion-integral\/"]}]},{"@type":"ImageObject","inLanguage":"en-US","@id":"https:\/\/targetoil.com.mx\/politica-del-sistema-de-gestion-integral\/#primaryimage","url":"https:\/\/targetoil.com.mx\/wp-content\/uploads\/2025\/07\/dos-hombre-de-negocios-que-analiza-el-informe-de-negocios-en-el-escritorio-blanco-1024x683.jpg","contentUrl":"https:\/\/targetoil.com.mx\/wp-content\/uploads\/2025\/07\/dos-hombre-de-negocios-que-analiza-el-informe-de-negocios-en-el-escritorio-blanco-1024x683.jpg"},{"@type":"BreadcrumbList","@id":"https:\/\/targetoil.com.mx\/politica-del-sistema-de-gestion-integral\/#breadcrumb","itemListElement":[{"@type":"ListItem","position":1,"name":"Home","item":"https:\/\/targetoil.com.mx\/"},{"@type":"ListItem","position":2,"name":"Pol\u00edtica del Sistema de Gesti\u00f3n Integral"}]},{"@type":"WebSite","@id":"https:\/\/targetoil.com.mx\/#website","url":"https:\/\/targetoil.com.mx\/","name":"Target Oil Services","description":"","publisher":{"@id":"https:\/\/targetoil.com.mx\/#organization"},"alternateName":"Target Oil","potentialAction":[{"@type":"SearchAction","target":{"@type":"EntryPoint","urlTemplate":"https:\/\/targetoil.com.mx\/?s={search_term_string}"},"query-input":{"@type":"PropertyValueSpecification","valueRequired":true,"valueName":"search_term_string"}}],"inLanguage":"en-US"},{"@type":"Organization","@id":"https:\/\/targetoil.com.mx\/#organization","name":"Target Oil Services","url":"https:\/\/targetoil.com.mx\/","logo":{"@type":"ImageObject","inLanguage":"en-US","@id":"https:\/\/targetoil.com.mx\/#\/schema\/logo\/image\/","url":"https:\/\/targetoil.com.mx\/wp-content\/uploads\/2024\/05\/Mesa-de-trabajo-1-copia-16@4x-8.png","contentUrl":"https:\/\/targetoil.com.mx\/wp-content\/uploads\/2024\/05\/Mesa-de-trabajo-1-copia-16@4x-8.png","width":675,"height":590,"caption":"Target Oil Services"},"image":{"@id":"https:\/\/targetoil.com.mx\/#\/schema\/logo\/image\/"},"sameAs":["https:\/\/www.linkedin.com\/company\/target-oil\/"]}]}},"_links":{"self":[{"href":"https:\/\/targetoil.com.mx\/en\/wp-json\/wp\/v2\/pages\/2418","targetHints":{"allow":["GET"]}}],"collection":[{"href":"https:\/\/targetoil.com.mx\/en\/wp-json\/wp\/v2\/pages"}],"about":[{"href":"https:\/\/targetoil.com.mx\/en\/wp-json\/wp\/v2\/types\/page"}],"author":[{"embeddable":true,"href":"https:\/\/targetoil.com.mx\/en\/wp-json\/wp\/v2\/users\/1"}],"replies":[{"embeddable":true,"href":"https:\/\/targetoil.com.mx\/en\/wp-json\/wp\/v2\/comments?post=2418"}],"version-history":[{"count":8,"href":"https:\/\/targetoil.com.mx\/en\/wp-json\/wp\/v2\/pages\/2418\/revisions"}],"predecessor-version":[{"id":2431,"href":"https:\/\/targetoil.com.mx\/en\/wp-json\/wp\/v2\/pages\/2418\/revisions\/2431"}],"wp:attachment":[{"href":"https:\/\/targetoil.com.mx\/en\/wp-json\/wp\/v2\/media?parent=2418"}],"curies":[{"name":"wp","href":"https:\/\/api.w.org\/{rel}","templated":true}]}}